{"id":10,"date":"2015-12-04T20:21:27","date_gmt":"2015-12-04T19:21:27","guid":{"rendered":"http:\/\/choeur-et-passions.fr\/wordpress\/?page_id=10"},"modified":"2024-04-18T09:26:39","modified_gmt":"2024-04-18T08:26:39","slug":"la-chorale","status":"publish","type":"page","link":"https:\/\/www.choeur-et-passions.fr\/index.php\/la-chorale\/","title":{"rendered":"La Chorale"},"content":{"rendered":"<p><strong><span class=\"bold\">Ch\u0153ur et Passions <\/span><\/strong>est un ch\u0153ur mixte, d&rsquo;environ <strong><span class=\"bold\">50 choristes<\/span><\/strong>, qui interpr\u00e8te un r\u00e9pertoire vari\u00e9 et \u00e9clectique. Il donne r\u00e9guli\u00e8rement des concerts, et s&rsquo;associe \u00e0 d&rsquo;autres ch\u0153urs pour interpr\u00e9ter de <span class=\"bold\"><strong>grandes \u0153uvres<\/strong>.<\/span> Il a le souci d&rsquo;am\u00e9liorer constamment sa qualit\u00e9 vocale.<\/p>\n<p>Tout amateur de chant peut y adh\u00e9rer sans n\u00e9cessairement conna\u00eetre la musique. Dans un&nbsp;<strong><span class=\"bold\">climat convivial<\/span><\/strong>, Ch\u0153ur et Passions accueille les nouveaux choristes.<\/p>\n<p>Les r\u00e9p\u00e9titions ont lieu le lundi soir de 20h \u00e0 22h \u00e0 l&rsquo;\u00e9cole \u00e9l\u00e9mentaire Toulouse Lautrec rue Traversi\u00e8re, quartier du Triolo, Villeneuve d\u2019Ascq.<\/p>\n<p>Ch\u0153ur et Passions se d\u00e9marque des autres chorales par sa motivation, avec un effectif \u00e9toff\u00e9, et le <strong>plaisir de partager une m\u00eame passion<\/strong>.<\/p>\n<p>En 2012, ce groupe d&rsquo;amis et de choristes a davantage travaill\u00e9 ses voix pour aller<strong><span class=\"bold\"> chanter au-del\u00e0 des fronti\u00e8res<\/span><\/strong>, et notamment interpr\u00e9ter les grands airs \u00e0 Leverkusen, ville allemande jumel\u00e9e avec Villeneuve d&rsquo;Ascq.<\/p>\n<p>En 2016, la chorale a f\u00eat\u00e9 son <strong>jubil\u00e9<\/strong>, et visit\u00e9 le <em>Choeur des 3 abbayes<\/em> \u00e0 Senones dans les Vosges, avant de donner le 23 avril 2016 un concert anniversaire \u00e0 Villeneuve d&rsquo;Ascq.<\/p>\n<p style=\"text-align: left; font-weight: bold; font-size: 14pt;\">Le bureau<\/p>\n<p>Le bureau est compos\u00e9 de 4 membres&nbsp;:<\/p>\n<p><!--[gallery link=\"none\" columns=\"4\" size=\"full\" ids=\"11,12,219,13\"]\n\n--><\/p>\n<ul>\n<li>Pr\u00e9sident : Francis Florent<\/li>\n<li>Vice-pr\u00e9sident : Patrick Mahieu<\/li>\n<li>Tr\u00e9sori\u00e8re : Florence Florent-Herbaut<\/li>\n<li>S\u00e9cr\u00e9taire : Jo\u00eblle Lorriaux<\/li>\n<\/ul>\n<p>Isabelle Dassonville et Andr\u00e9 Catteau se joignent \u00e0 eux au sein du conseil d&rsquo;administration.<\/p>\n<p>Depuis septembre 2019, Laurence Bodin est la <a href=\"http:\/\/www.choeur-et-passions.fr\/index.php\/la-chorale\/chef-de-choeur\/\">cheffe de Ch\u0153ur de <em>Ch\u0153ur et Passions<\/em><\/a>.<\/p>\n<p>&nbsp;<\/p>\n<p style=\"text-align: left; font-weight: bold; font-size: 14pt;\">Si\u00e8ge social de la Chorale :<\/p>\n<p>62 rue de Lille<br \/>\n59650 Villeneuve d&rsquo;Ascq<br \/>\nT\u00e9l. : 03 20 47 42 06<\/p>\n<p style=\"text-align: left; font-weight: bold; font-size: 14pt;\"><a href=\"http:\/\/www.choeur-et-passions.fr\/index.php\/contact\/\">Formulaire de contact<\/a><\/p>\n","protected":false},"excerpt":{"rendered":"<p>Ch\u0153ur et Passions est un ch\u0153ur mixte, d&rsquo;environ 50 choristes, qui interpr\u00e8te un r\u00e9pertoire vari\u00e9 et \u00e9clectique. Il donne r\u00e9guli\u00e8rement des concerts, et s&rsquo;associe \u00e0 d&rsquo;autres ch\u0153urs pour interpr\u00e9ter de grandes \u0153uvres. Il a le souci d&rsquo;am\u00e9liorer constamment sa qualit\u00e9 vocale. Tout amateur de chant peut y adh\u00e9rer sans n\u00e9cessairement conna\u00eetre la musique. Dans un&nbsp;climat [&hellip;]<\/p>\n","protected":false},"author":1,"featured_media":3997,"parent":0,"menu_order":1,"comment_status":"closed","ping_status":"closed","template":"","meta":{"ngg_post_thumbnail":0,"footnotes":""},"class_list":["post-10","page","type-page","status-publish","has-post-thumbnail","hentry"],"yoast_head":"<!-- This site is optimized with the Yoast SEO plugin v27.4 - https:\/\/yoast.com\/product\/yoast-seo-wordpress\/ -->\n<title>La Chorale - Choeur &amp; Passions<\/title>\n<meta name=\"robots\" content=\"index, follow, max-snippet:-1, max-image-preview:large, max-video-preview:-1\" \/>\n<link rel=\"canonical\" href=\"https:\/\/www.choeur-et-passions.fr\/index.php\/la-chorale\/\" \/>\n<meta property=\"og:locale\" content=\"fr_FR\" \/>\n<meta property=\"og:type\" content=\"article\" \/>\n<meta property=\"og:title\" content=\"La Chorale - Choeur &amp; Passions\" \/>\n<meta property=\"og:description\" content=\"Ch\u0153ur et Passions est un ch\u0153ur mixte, d&rsquo;environ 50 choristes, qui interpr\u00e8te un r\u00e9pertoire vari\u00e9 et \u00e9clectique. Il donne r\u00e9guli\u00e8rement des concerts, et s&rsquo;associe \u00e0 d&rsquo;autres ch\u0153urs pour interpr\u00e9ter de grandes \u0153uvres. Il a le souci d&rsquo;am\u00e9liorer constamment sa qualit\u00e9 vocale. Tout amateur de chant peut y adh\u00e9rer sans n\u00e9cessairement conna\u00eetre la musique. Dans un&nbsp;climat [&hellip;]\" \/>\n<meta property=\"og:url\" content=\"https:\/\/www.choeur-et-passions.fr\/index.php\/la-chorale\/\" \/>\n<meta property=\"og:site_name\" content=\"Choeur &amp; Passions\" \/>\n<meta property=\"article:modified_time\" content=\"2024-04-18T08:26:39+00:00\" \/>\n<meta property=\"og:image\" content=\"https:\/\/www.choeur-et-passions.fr\/wp-content\/uploads\/2024\/04\/CetP-janvier-2024-1200x500-1.jpg\" \/>\n\t<meta property=\"og:image:width\" content=\"1200\" \/>\n\t<meta property=\"og:image:height\" content=\"500\" \/>\n\t<meta property=\"og:image:type\" content=\"image\/jpeg\" \/>\n<meta name=\"twitter:card\" content=\"summary_large_image\" \/>\n<meta name=\"twitter:label1\" content=\"Dur\u00e9e de lecture estim\u00e9e\" \/>\n\t<meta name=\"twitter:data1\" content=\"2 minutes\" \/>\n<script type=\"application\/ld+json\" class=\"yoast-schema-graph\">{\"@context\":\"https:\\\/\\\/schema.org\",\"@graph\":[{\"@type\":\"WebPage\",\"@id\":\"https:\\\/\\\/www.choeur-et-passions.fr\\\/index.php\\\/la-chorale\\\/\",\"url\":\"https:\\\/\\\/www.choeur-et-passions.fr\\\/index.php\\\/la-chorale\\\/\",\"name\":\"La Chorale - Choeur &amp; Passions\",\"isPartOf\":{\"@id\":\"https:\\\/\\\/www.choeur-et-passions.fr\\\/#website\"},\"primaryImageOfPage\":{\"@id\":\"https:\\\/\\\/www.choeur-et-passions.fr\\\/index.php\\\/la-chorale\\\/#primaryimage\"},\"image\":{\"@id\":\"https:\\\/\\\/www.choeur-et-passions.fr\\\/index.php\\\/la-chorale\\\/#primaryimage\"},\"thumbnailUrl\":\"https:\\\/\\\/www.choeur-et-passions.fr\\\/wp-content\\\/uploads\\\/2024\\\/04\\\/CetP-janvier-2024-1200x500-1.jpg\",\"datePublished\":\"2015-12-04T19:21:27+00:00\",\"dateModified\":\"2024-04-18T08:26:39+00:00\",\"breadcrumb\":{\"@id\":\"https:\\\/\\\/www.choeur-et-passions.fr\\\/index.php\\\/la-chorale\\\/#breadcrumb\"},\"inLanguage\":\"fr-FR\",\"potentialAction\":[{\"@type\":\"ReadAction\",\"target\":[\"https:\\\/\\\/www.choeur-et-passions.fr\\\/index.php\\\/la-chorale\\\/\"]}]},{\"@type\":\"ImageObject\",\"inLanguage\":\"fr-FR\",\"@id\":\"https:\\\/\\\/www.choeur-et-passions.fr\\\/index.php\\\/la-chorale\\\/#primaryimage\",\"url\":\"https:\\\/\\\/www.choeur-et-passions.fr\\\/wp-content\\\/uploads\\\/2024\\\/04\\\/CetP-janvier-2024-1200x500-1.jpg\",\"contentUrl\":\"https:\\\/\\\/www.choeur-et-passions.fr\\\/wp-content\\\/uploads\\\/2024\\\/04\\\/CetP-janvier-2024-1200x500-1.jpg\",\"width\":1200,\"height\":500},{\"@type\":\"BreadcrumbList\",\"@id\":\"https:\\\/\\\/www.choeur-et-passions.fr\\\/index.php\\\/la-chorale\\\/#breadcrumb\",\"itemListElement\":[{\"@type\":\"ListItem\",\"position\":1,\"name\":\"Accueil\",\"item\":\"https:\\\/\\\/www.choeur-et-passions.fr\\\/\"},{\"@type\":\"ListItem\",\"position\":2,\"name\":\"La Chorale\"}]},{\"@type\":\"WebSite\",\"@id\":\"https:\\\/\\\/www.choeur-et-passions.fr\\\/#website\",\"url\":\"https:\\\/\\\/www.choeur-et-passions.fr\\\/\",\"name\":\"Choeur & Passions\",\"description\":\"\",\"publisher\":{\"@id\":\"https:\\\/\\\/www.choeur-et-passions.fr\\\/#organization\"},\"potentialAction\":[{\"@type\":\"SearchAction\",\"target\":{\"@type\":\"EntryPoint\",\"urlTemplate\":\"https:\\\/\\\/www.choeur-et-passions.fr\\\/?s={search_term_string}\"},\"query-input\":{\"@type\":\"PropertyValueSpecification\",\"valueRequired\":true,\"valueName\":\"search_term_string\"}}],\"inLanguage\":\"fr-FR\"},{\"@type\":\"Organization\",\"@id\":\"https:\\\/\\\/www.choeur-et-passions.fr\\\/#organization\",\"name\":\"Choeur & Passions\",\"url\":\"https:\\\/\\\/www.choeur-et-passions.fr\\\/\",\"logo\":{\"@type\":\"ImageObject\",\"inLanguage\":\"fr-FR\",\"@id\":\"https:\\\/\\\/www.choeur-et-passions.fr\\\/#\\\/schema\\\/logo\\\/image\\\/\",\"url\":\"https:\\\/\\\/www.choeur-et-passions.fr\\\/wp-content\\\/uploads\\\/2024\\\/04\\\/logo-cep.gif\",\"contentUrl\":\"https:\\\/\\\/www.choeur-et-passions.fr\\\/wp-content\\\/uploads\\\/2024\\\/04\\\/logo-cep.gif\",\"width\":1970,\"height\":500,\"caption\":\"Choeur & Passions\"},\"image\":{\"@id\":\"https:\\\/\\\/www.choeur-et-passions.fr\\\/#\\\/schema\\\/logo\\\/image\\\/\"}}]}<\/script>\n<!-- \/ Yoast SEO plugin. -->","yoast_head_json":{"title":"La Chorale - Choeur &amp; Passions","robots":{"index":"index","follow":"follow","max-snippet":"max-snippet:-1","max-image-preview":"max-image-preview:large","max-video-preview":"max-video-preview:-1"},"canonical":"https:\/\/www.choeur-et-passions.fr\/index.php\/la-chorale\/","og_locale":"fr_FR","og_type":"article","og_title":"La Chorale - Choeur &amp; Passions","og_description":"Ch\u0153ur et Passions est un ch\u0153ur mixte, d&rsquo;environ 50 choristes, qui interpr\u00e8te un r\u00e9pertoire vari\u00e9 et \u00e9clectique. Il donne r\u00e9guli\u00e8rement des concerts, et s&rsquo;associe \u00e0 d&rsquo;autres ch\u0153urs pour interpr\u00e9ter de grandes \u0153uvres. Il a le souci d&rsquo;am\u00e9liorer constamment sa qualit\u00e9 vocale. Tout amateur de chant peut y adh\u00e9rer sans n\u00e9cessairement conna\u00eetre la musique. Dans un&nbsp;climat [&hellip;]","og_url":"https:\/\/www.choeur-et-passions.fr\/index.php\/la-chorale\/","og_site_name":"Choeur &amp; Passions","article_modified_time":"2024-04-18T08:26:39+00:00","og_image":[{"width":1200,"height":500,"url":"https:\/\/www.choeur-et-passions.fr\/wp-content\/uploads\/2024\/04\/CetP-janvier-2024-1200x500-1.jpg","type":"image\/jpeg"}],"twitter_card":"summary_large_image","twitter_misc":{"Dur\u00e9e de lecture estim\u00e9e":"2 minutes"},"schema":{"@context":"https:\/\/schema.org","@graph":[{"@type":"WebPage","@id":"https:\/\/www.choeur-et-passions.fr\/index.php\/la-chorale\/","url":"https:\/\/www.choeur-et-passions.fr\/index.php\/la-chorale\/","name":"La Chorale - Choeur &amp; Passions","isPartOf":{"@id":"https:\/\/www.choeur-et-passions.fr\/#website"},"primaryImageOfPage":{"@id":"https:\/\/www.choeur-et-passions.fr\/index.php\/la-chorale\/#primaryimage"},"image":{"@id":"https:\/\/www.choeur-et-passions.fr\/index.php\/la-chorale\/#primaryimage"},"thumbnailUrl":"https:\/\/www.choeur-et-passions.fr\/wp-content\/uploads\/2024\/04\/CetP-janvier-2024-1200x500-1.jpg","datePublished":"2015-12-04T19:21:27+00:00","dateModified":"2024-04-18T08:26:39+00:00","breadcrumb":{"@id":"https:\/\/www.choeur-et-passions.fr\/index.php\/la-chorale\/#breadcrumb"},"inLanguage":"fr-FR","potentialAction":[{"@type":"ReadAction","target":["https:\/\/www.choeur-et-passions.fr\/index.php\/la-chorale\/"]}]},{"@type":"ImageObject","inLanguage":"fr-FR","@id":"https:\/\/www.choeur-et-passions.fr\/index.php\/la-chorale\/#primaryimage","url":"https:\/\/www.choeur-et-passions.fr\/wp-content\/uploads\/2024\/04\/CetP-janvier-2024-1200x500-1.jpg","contentUrl":"https:\/\/www.choeur-et-passions.fr\/wp-content\/uploads\/2024\/04\/CetP-janvier-2024-1200x500-1.jpg","width":1200,"height":500},{"@type":"BreadcrumbList","@id":"https:\/\/www.choeur-et-passions.fr\/index.php\/la-chorale\/#breadcrumb","itemListElement":[{"@type":"ListItem","position":1,"name":"Accueil","item":"https:\/\/www.choeur-et-passions.fr\/"},{"@type":"ListItem","position":2,"name":"La Chorale"}]},{"@type":"WebSite","@id":"https:\/\/www.choeur-et-passions.fr\/#website","url":"https:\/\/www.choeur-et-passions.fr\/","name":"Choeur & Passions","description":"","publisher":{"@id":"https:\/\/www.choeur-et-passions.fr\/#organization"},"potentialAction":[{"@type":"SearchAction","target":{"@type":"EntryPoint","urlTemplate":"https:\/\/www.choeur-et-passions.fr\/?s={search_term_string}"},"query-input":{"@type":"PropertyValueSpecification","valueRequired":true,"valueName":"search_term_string"}}],"inLanguage":"fr-FR"},{"@type":"Organization","@id":"https:\/\/www.choeur-et-passions.fr\/#organization","name":"Choeur & Passions","url":"https:\/\/www.choeur-et-passions.fr\/","logo":{"@type":"ImageObject","inLanguage":"fr-FR","@id":"https:\/\/www.choeur-et-passions.fr\/#\/schema\/logo\/image\/","url":"https:\/\/www.choeur-et-passions.fr\/wp-content\/uploads\/2024\/04\/logo-cep.gif","contentUrl":"https:\/\/www.choeur-et-passions.fr\/wp-content\/uploads\/2024\/04\/logo-cep.gif","width":1970,"height":500,"caption":"Choeur & Passions"},"image":{"@id":"https:\/\/www.choeur-et-passions.fr\/#\/schema\/logo\/image\/"}}]}},"_links":{"self":[{"href":"https:\/\/www.choeur-et-passions.fr\/index.php\/wp-json\/wp\/v2\/pages\/10","targetHints":{"allow":["GET"]}}],"collection":[{"href":"https:\/\/www.choeur-et-passions.fr\/index.php\/wp-json\/wp\/v2\/pages"}],"about":[{"href":"https:\/\/www.choeur-et-passions.fr\/index.php\/wp-json\/wp\/v2\/types\/page"}],"author":[{"embeddable":true,"href":"https:\/\/www.choeur-et-passions.fr\/index.php\/wp-json\/wp\/v2\/users\/1"}],"replies":[{"embeddable":true,"href":"https:\/\/www.choeur-et-passions.fr\/index.php\/wp-json\/wp\/v2\/comments?post=10"}],"version-history":[{"count":38,"href":"https:\/\/www.choeur-et-passions.fr\/index.php\/wp-json\/wp\/v2\/pages\/10\/revisions"}],"predecessor-version":[{"id":3548,"href":"https:\/\/www.choeur-et-passions.fr\/index.php\/wp-json\/wp\/v2\/pages\/10\/revisions\/3548"}],"wp:featuredmedia":[{"embeddable":true,"href":"https:\/\/www.choeur-et-passions.fr\/index.php\/wp-json\/wp\/v2\/media\/3997"}],"wp:attachment":[{"href":"https:\/\/www.choeur-et-passions.fr\/index.php\/wp-json\/wp\/v2\/media?parent=10"}],"curies":[{"name":"wp","href":"https:\/\/api.w.org\/{rel}","templated":true}]}}