{"id":28,"date":"2015-12-04T21:18:57","date_gmt":"2015-12-04T20:18:57","guid":{"rendered":"http:\/\/choeur-et-passions.fr\/wordpress\/?page_id=28"},"modified":"2016-09-08T10:12:11","modified_gmt":"2016-09-08T09:12:11","slug":"jubile","status":"publish","type":"page","link":"https:\/\/www.choeur-et-passions.fr\/index.php\/nos-concerts\/jubile\/","title":{"rendered":"Le concert du Jubil\u00e9"},"content":{"rendered":"<p style=\"text-align: center; color: red; font-weight: bold; font-size: 16pt;\"><strong>Voyage \u00e0 travers le temps et les r\u00e9pertoires de la chorale<\/strong><\/p>\n<p style=\"text-align: center;\"><iframe loading=\"lazy\" width=\"640\" height=\"480\" src=\"https:\/\/www.youtube.com\/embed\/Gunqn_DOdD0\" frameborder=\"0\" allowfullscreen><\/iframe><\/p>\n<p style=\"text-align: center; font-weight: bold; font-size: 14pt;\">Samedi 23 avril 2016 \u00e0 20h<\/p>\n<p style=\"text-align: center; font-weight: bold; font-size: 12pt;\">Eglise Saint S\u00e9bastien \u00e0 Villeneuve d&rsquo;Ascq (quartier Annappes)<\/p>\n<p><strong>1\u00e8re Partie<\/strong> :<\/p>\n<ul>\n<li>Passereau : Il est bel et bon<\/li>\n<li>Telemann : So lasset uns nun nicht schlafen et Hosianna dem Sohne David<\/li>\n<li>Sch\u00fctz : Sumite Psalmum<\/li>\n<li>Mozart Requiem : Dies irae, Confutatis et Lacrimosa<\/li>\n<li>Haendel : All\u00e9luia<\/li>\n<\/ul>\n<p><strong>2\u00e8me Partie<\/strong><\/p>\n<ul>\n<li>Offenbach : Ch\u0153ur de f\u00eate<\/li>\n<li>Audran : Couplets du vin doux<\/li>\n<li>Offenbach : extrait de la vie parisienne<\/li>\n<li>Negro spiritual : Deep River<\/li>\n<li>Bernstein : America extrait de West Side Story<\/li>\n<li>Jacques Brel : Amsterdam et Bruxelles<\/li>\n<li>Bernard : extraits de la Suite Qu\u00e9b\u00e9coise<\/li>\n<li>Carter : Goodnight, well it\u2019s time to go<\/li>\n<li>Avsenik : Medley<\/li>\n<li>Rombi : Hymne des Fraternis\u00e9s<\/li>\n<\/ul>\n<p><strong>La chorale sera accompagn\u00e9e par :<\/strong><\/p>\n<ul>\n<li>la pianiste Anne Coureau<\/li>\n<li>le Quatuor Esterhazy du Chti \u2019Cambristi<\/li>\n<li>l\u2019accord\u00e9oniste Jean-Pierre Polfiet<\/li>\n<\/ul>\n","protected":false},"excerpt":{"rendered":"<p>Voyage \u00e0 travers le temps et les r\u00e9pertoires de la chorale Samedi 23 avril 2016 \u00e0 20h Eglise Saint S\u00e9bastien \u00e0 Villeneuve d&rsquo;Ascq (quartier Annappes) 1\u00e8re Partie : Passereau : Il est bel et bon Telemann : So lasset uns nun nicht schlafen et Hosianna dem Sohne David Sch\u00fctz : Sumite Psalmum Mozart Requiem : [&hellip;]<\/p>\n","protected":false},"author":1,"featured_media":73,"parent":75,"menu_order":0,"comment_status":"closed","ping_status":"closed","template":"","meta":{"ngg_post_thumbnail":0,"footnotes":""},"class_list":["post-28","page","type-page","status-publish","has-post-thumbnail","hentry"],"yoast_head":"<!-- This site is optimized with the Yoast SEO plugin v27.4 - https:\/\/yoast.com\/product\/yoast-seo-wordpress\/ -->\n<title>Le concert du Jubil\u00e9 - Choeur &amp; Passions<\/title>\n<meta name=\"robots\" content=\"index, follow, max-snippet:-1, max-image-preview:large, max-video-preview:-1\" \/>\n<link rel=\"canonical\" href=\"https:\/\/www.choeur-et-passions.fr\/index.php\/nos-concerts\/jubile\/\" \/>\n<meta property=\"og:locale\" content=\"fr_FR\" \/>\n<meta property=\"og:type\" content=\"article\" \/>\n<meta property=\"og:title\" content=\"Le concert du Jubil\u00e9 - Choeur &amp; Passions\" \/>\n<meta property=\"og:description\" content=\"Voyage \u00e0 travers le temps et les r\u00e9pertoires de la chorale Samedi 23 avril 2016 \u00e0 20h Eglise Saint S\u00e9bastien \u00e0 Villeneuve d&rsquo;Ascq (quartier Annappes) 1\u00e8re Partie : Passereau : Il est bel et bon Telemann : So lasset uns nun nicht schlafen et Hosianna dem Sohne David Sch\u00fctz : Sumite Psalmum Mozart Requiem : [&hellip;]\" \/>\n<meta property=\"og:url\" content=\"https:\/\/www.choeur-et-passions.fr\/index.php\/nos-concerts\/jubile\/\" \/>\n<meta property=\"og:site_name\" content=\"Choeur &amp; Passions\" \/>\n<meta property=\"article:modified_time\" content=\"2016-09-08T09:12:11+00:00\" \/>\n<meta property=\"og:image\" content=\"https:\/\/www.choeur-et-passions.fr\/wp-content\/uploads\/2015\/12\/jubile2.jpg\" \/>\n\t<meta property=\"og:image:width\" content=\"1000\" \/>\n\t<meta property=\"og:image:height\" content=\"300\" \/>\n\t<meta property=\"og:image:type\" content=\"image\/jpeg\" \/>\n<meta name=\"twitter:card\" content=\"summary_large_image\" \/>\n<meta name=\"twitter:label1\" content=\"Dur\u00e9e de lecture estim\u00e9e\" \/>\n\t<meta name=\"twitter:data1\" content=\"1 minute\" \/>\n<script type=\"application\/ld+json\" class=\"yoast-schema-graph\">{\"@context\":\"https:\\\/\\\/schema.org\",\"@graph\":[{\"@type\":\"WebPage\",\"@id\":\"https:\\\/\\\/www.choeur-et-passions.fr\\\/index.php\\\/nos-concerts\\\/jubile\\\/\",\"url\":\"https:\\\/\\\/www.choeur-et-passions.fr\\\/index.php\\\/nos-concerts\\\/jubile\\\/\",\"name\":\"Le concert du Jubil\u00e9 - Choeur &amp; Passions\",\"isPartOf\":{\"@id\":\"https:\\\/\\\/www.choeur-et-passions.fr\\\/#website\"},\"primaryImageOfPage\":{\"@id\":\"https:\\\/\\\/www.choeur-et-passions.fr\\\/index.php\\\/nos-concerts\\\/jubile\\\/#primaryimage\"},\"image\":{\"@id\":\"https:\\\/\\\/www.choeur-et-passions.fr\\\/index.php\\\/nos-concerts\\\/jubile\\\/#primaryimage\"},\"thumbnailUrl\":\"https:\\\/\\\/www.choeur-et-passions.fr\\\/wp-content\\\/uploads\\\/2015\\\/12\\\/jubile2.jpg\",\"datePublished\":\"2015-12-04T20:18:57+00:00\",\"dateModified\":\"2016-09-08T09:12:11+00:00\",\"breadcrumb\":{\"@id\":\"https:\\\/\\\/www.choeur-et-passions.fr\\\/index.php\\\/nos-concerts\\\/jubile\\\/#breadcrumb\"},\"inLanguage\":\"fr-FR\",\"potentialAction\":[{\"@type\":\"ReadAction\",\"target\":[\"https:\\\/\\\/www.choeur-et-passions.fr\\\/index.php\\\/nos-concerts\\\/jubile\\\/\"]}]},{\"@type\":\"ImageObject\",\"inLanguage\":\"fr-FR\",\"@id\":\"https:\\\/\\\/www.choeur-et-passions.fr\\\/index.php\\\/nos-concerts\\\/jubile\\\/#primaryimage\",\"url\":\"https:\\\/\\\/www.choeur-et-passions.fr\\\/wp-content\\\/uploads\\\/2015\\\/12\\\/jubile2.jpg\",\"contentUrl\":\"https:\\\/\\\/www.choeur-et-passions.fr\\\/wp-content\\\/uploads\\\/2015\\\/12\\\/jubile2.jpg\",\"width\":1000,\"height\":300},{\"@type\":\"BreadcrumbList\",\"@id\":\"https:\\\/\\\/www.choeur-et-passions.fr\\\/index.php\\\/nos-concerts\\\/jubile\\\/#breadcrumb\",\"itemListElement\":[{\"@type\":\"ListItem\",\"position\":1,\"name\":\"Accueil\",\"item\":\"https:\\\/\\\/www.choeur-et-passions.fr\\\/\"},{\"@type\":\"ListItem\",\"position\":2,\"name\":\"Nos Concerts\",\"item\":\"https:\\\/\\\/www.choeur-et-passions.fr\\\/index.php\\\/nos-concerts\\\/\"},{\"@type\":\"ListItem\",\"position\":3,\"name\":\"Le concert du Jubil\u00e9\"}]},{\"@type\":\"WebSite\",\"@id\":\"https:\\\/\\\/www.choeur-et-passions.fr\\\/#website\",\"url\":\"https:\\\/\\\/www.choeur-et-passions.fr\\\/\",\"name\":\"Choeur & Passions\",\"description\":\"\",\"publisher\":{\"@id\":\"https:\\\/\\\/www.choeur-et-passions.fr\\\/#organization\"},\"potentialAction\":[{\"@type\":\"SearchAction\",\"target\":{\"@type\":\"EntryPoint\",\"urlTemplate\":\"https:\\\/\\\/www.choeur-et-passions.fr\\\/?s={search_term_string}\"},\"query-input\":{\"@type\":\"PropertyValueSpecification\",\"valueRequired\":true,\"valueName\":\"search_term_string\"}}],\"inLanguage\":\"fr-FR\"},{\"@type\":\"Organization\",\"@id\":\"https:\\\/\\\/www.choeur-et-passions.fr\\\/#organization\",\"name\":\"Choeur & Passions\",\"url\":\"https:\\\/\\\/www.choeur-et-passions.fr\\\/\",\"logo\":{\"@type\":\"ImageObject\",\"inLanguage\":\"fr-FR\",\"@id\":\"https:\\\/\\\/www.choeur-et-passions.fr\\\/#\\\/schema\\\/logo\\\/image\\\/\",\"url\":\"https:\\\/\\\/www.choeur-et-passions.fr\\\/wp-content\\\/uploads\\\/2024\\\/04\\\/logo-cep.gif\",\"contentUrl\":\"https:\\\/\\\/www.choeur-et-passions.fr\\\/wp-content\\\/uploads\\\/2024\\\/04\\\/logo-cep.gif\",\"width\":1970,\"height\":500,\"caption\":\"Choeur & Passions\"},\"image\":{\"@id\":\"https:\\\/\\\/www.choeur-et-passions.fr\\\/#\\\/schema\\\/logo\\\/image\\\/\"}}]}<\/script>\n<!-- \/ Yoast SEO plugin. -->","yoast_head_json":{"title":"Le concert du Jubil\u00e9 - Choeur &amp; Passions","robots":{"index":"index","follow":"follow","max-snippet":"max-snippet:-1","max-image-preview":"max-image-preview:large","max-video-preview":"max-video-preview:-1"},"canonical":"https:\/\/www.choeur-et-passions.fr\/index.php\/nos-concerts\/jubile\/","og_locale":"fr_FR","og_type":"article","og_title":"Le concert du Jubil\u00e9 - Choeur &amp; Passions","og_description":"Voyage \u00e0 travers le temps et les r\u00e9pertoires de la chorale Samedi 23 avril 2016 \u00e0 20h Eglise Saint S\u00e9bastien \u00e0 Villeneuve d&rsquo;Ascq (quartier Annappes) 1\u00e8re Partie : Passereau : Il est bel et bon Telemann : So lasset uns nun nicht schlafen et Hosianna dem Sohne David Sch\u00fctz : Sumite Psalmum Mozart Requiem : [&hellip;]","og_url":"https:\/\/www.choeur-et-passions.fr\/index.php\/nos-concerts\/jubile\/","og_site_name":"Choeur &amp; Passions","article_modified_time":"2016-09-08T09:12:11+00:00","og_image":[{"width":1000,"height":300,"url":"https:\/\/www.choeur-et-passions.fr\/wp-content\/uploads\/2015\/12\/jubile2.jpg","type":"image\/jpeg"}],"twitter_card":"summary_large_image","twitter_misc":{"Dur\u00e9e de lecture estim\u00e9e":"1 minute"},"schema":{"@context":"https:\/\/schema.org","@graph":[{"@type":"WebPage","@id":"https:\/\/www.choeur-et-passions.fr\/index.php\/nos-concerts\/jubile\/","url":"https:\/\/www.choeur-et-passions.fr\/index.php\/nos-concerts\/jubile\/","name":"Le concert du Jubil\u00e9 - Choeur &amp; Passions","isPartOf":{"@id":"https:\/\/www.choeur-et-passions.fr\/#website"},"primaryImageOfPage":{"@id":"https:\/\/www.choeur-et-passions.fr\/index.php\/nos-concerts\/jubile\/#primaryimage"},"image":{"@id":"https:\/\/www.choeur-et-passions.fr\/index.php\/nos-concerts\/jubile\/#primaryimage"},"thumbnailUrl":"https:\/\/www.choeur-et-passions.fr\/wp-content\/uploads\/2015\/12\/jubile2.jpg","datePublished":"2015-12-04T20:18:57+00:00","dateModified":"2016-09-08T09:12:11+00:00","breadcrumb":{"@id":"https:\/\/www.choeur-et-passions.fr\/index.php\/nos-concerts\/jubile\/#breadcrumb"},"inLanguage":"fr-FR","potentialAction":[{"@type":"ReadAction","target":["https:\/\/www.choeur-et-passions.fr\/index.php\/nos-concerts\/jubile\/"]}]},{"@type":"ImageObject","inLanguage":"fr-FR","@id":"https:\/\/www.choeur-et-passions.fr\/index.php\/nos-concerts\/jubile\/#primaryimage","url":"https:\/\/www.choeur-et-passions.fr\/wp-content\/uploads\/2015\/12\/jubile2.jpg","contentUrl":"https:\/\/www.choeur-et-passions.fr\/wp-content\/uploads\/2015\/12\/jubile2.jpg","width":1000,"height":300},{"@type":"BreadcrumbList","@id":"https:\/\/www.choeur-et-passions.fr\/index.php\/nos-concerts\/jubile\/#breadcrumb","itemListElement":[{"@type":"ListItem","position":1,"name":"Accueil","item":"https:\/\/www.choeur-et-passions.fr\/"},{"@type":"ListItem","position":2,"name":"Nos Concerts","item":"https:\/\/www.choeur-et-passions.fr\/index.php\/nos-concerts\/"},{"@type":"ListItem","position":3,"name":"Le concert du Jubil\u00e9"}]},{"@type":"WebSite","@id":"https:\/\/www.choeur-et-passions.fr\/#website","url":"https:\/\/www.choeur-et-passions.fr\/","name":"Choeur & Passions","description":"","publisher":{"@id":"https:\/\/www.choeur-et-passions.fr\/#organization"},"potentialAction":[{"@type":"SearchAction","target":{"@type":"EntryPoint","urlTemplate":"https:\/\/www.choeur-et-passions.fr\/?s={search_term_string}"},"query-input":{"@type":"PropertyValueSpecification","valueRequired":true,"valueName":"search_term_string"}}],"inLanguage":"fr-FR"},{"@type":"Organization","@id":"https:\/\/www.choeur-et-passions.fr\/#organization","name":"Choeur & Passions","url":"https:\/\/www.choeur-et-passions.fr\/","logo":{"@type":"ImageObject","inLanguage":"fr-FR","@id":"https:\/\/www.choeur-et-passions.fr\/#\/schema\/logo\/image\/","url":"https:\/\/www.choeur-et-passions.fr\/wp-content\/uploads\/2024\/04\/logo-cep.gif","contentUrl":"https:\/\/www.choeur-et-passions.fr\/wp-content\/uploads\/2024\/04\/logo-cep.gif","width":1970,"height":500,"caption":"Choeur & Passions"},"image":{"@id":"https:\/\/www.choeur-et-passions.fr\/#\/schema\/logo\/image\/"}}]}},"_links":{"self":[{"href":"https:\/\/www.choeur-et-passions.fr\/index.php\/wp-json\/wp\/v2\/pages\/28","targetHints":{"allow":["GET"]}}],"collection":[{"href":"https:\/\/www.choeur-et-passions.fr\/index.php\/wp-json\/wp\/v2\/pages"}],"about":[{"href":"https:\/\/www.choeur-et-passions.fr\/index.php\/wp-json\/wp\/v2\/types\/page"}],"author":[{"embeddable":true,"href":"https:\/\/www.choeur-et-passions.fr\/index.php\/wp-json\/wp\/v2\/users\/1"}],"replies":[{"embeddable":true,"href":"https:\/\/www.choeur-et-passions.fr\/index.php\/wp-json\/wp\/v2\/comments?post=28"}],"version-history":[{"count":25,"href":"https:\/\/www.choeur-et-passions.fr\/index.php\/wp-json\/wp\/v2\/pages\/28\/revisions"}],"predecessor-version":[{"id":701,"href":"https:\/\/www.choeur-et-passions.fr\/index.php\/wp-json\/wp\/v2\/pages\/28\/revisions\/701"}],"up":[{"embeddable":true,"href":"https:\/\/www.choeur-et-passions.fr\/index.php\/wp-json\/wp\/v2\/pages\/75"}],"wp:featuredmedia":[{"embeddable":true,"href":"https:\/\/www.choeur-et-passions.fr\/index.php\/wp-json\/wp\/v2\/media\/73"}],"wp:attachment":[{"href":"https:\/\/www.choeur-et-passions.fr\/index.php\/wp-json\/wp\/v2\/media?parent=28"}],"curies":[{"name":"wp","href":"https:\/\/api.w.org\/{rel}","templated":true}]}}