{"id":2863,"date":"2022-01-04T13:01:35","date_gmt":"2022-01-04T12:01:35","guid":{"rendered":"http:\/\/www.choeur-et-passions.fr\/?page_id=2863"},"modified":"2022-01-06T17:41:08","modified_gmt":"2022-01-06T16:41:08","slug":"meilleurs-voeux-2022","status":"publish","type":"page","link":"https:\/\/www.choeur-et-passions.fr\/index.php\/meilleurs-voeux-2022\/","title":{"rendered":"Meilleurs voeux 2022"},"content":{"rendered":"\n<p>Toute la chorale Ch\u0153ur et passions vous souhaite une tr\u00e8s belle ann\u00e9e 2022, en attendant le printemps pour partager ensemble (enfin !) un moment musical et convivial.<\/p>\n","protected":false},"excerpt":{"rendered":"<p>Toute la chorale Ch\u0153ur et passions vous souhaite une tr\u00e8s belle ann\u00e9e 2022, en attendant le printemps pour partager ensemble (enfin !) un moment musical et convivial.<\/p>\n","protected":false},"author":1,"featured_media":2879,"parent":0,"menu_order":0,"comment_status":"closed","ping_status":"closed","template":"","meta":{"ngg_post_thumbnail":0,"footnotes":""},"class_list":["post-2863","page","type-page","status-publish","has-post-thumbnail","hentry"],"yoast_head":"<!-- This site is optimized with the Yoast SEO plugin v27.4 - https:\/\/yoast.com\/product\/yoast-seo-wordpress\/ -->\n<title>Meilleurs voeux 2022 - Choeur &amp; Passions<\/title>\n<meta name=\"robots\" content=\"index, follow, max-snippet:-1, max-image-preview:large, max-video-preview:-1\" \/>\n<link rel=\"canonical\" href=\"https:\/\/www.choeur-et-passions.fr\/index.php\/meilleurs-voeux-2022\/\" \/>\n<meta property=\"og:locale\" content=\"fr_FR\" \/>\n<meta property=\"og:type\" content=\"article\" \/>\n<meta property=\"og:title\" content=\"Meilleurs voeux 2022 - Choeur &amp; Passions\" \/>\n<meta property=\"og:description\" content=\"Toute la chorale Ch\u0153ur et passions vous souhaite une tr\u00e8s belle ann\u00e9e 2022, en attendant le printemps pour partager ensemble (enfin !) un moment musical et convivial.\" \/>\n<meta property=\"og:url\" content=\"https:\/\/www.choeur-et-passions.fr\/index.php\/meilleurs-voeux-2022\/\" \/>\n<meta property=\"og:site_name\" content=\"Choeur &amp; Passions\" \/>\n<meta property=\"article:modified_time\" content=\"2022-01-06T16:41:08+00:00\" \/>\n<meta property=\"og:image\" content=\"https:\/\/www.choeur-et-passions.fr\/wp-content\/uploads\/2022\/01\/voeux2022_V3.png\" \/>\n\t<meta property=\"og:image:width\" content=\"2560\" \/>\n\t<meta property=\"og:image:height\" content=\"1096\" \/>\n\t<meta property=\"og:image:type\" content=\"image\/png\" \/>\n<meta name=\"twitter:card\" content=\"summary_large_image\" \/>\n<script type=\"application\/ld+json\" class=\"yoast-schema-graph\">{\"@context\":\"https:\\\/\\\/schema.org\",\"@graph\":[{\"@type\":\"WebPage\",\"@id\":\"https:\\\/\\\/www.choeur-et-passions.fr\\\/index.php\\\/meilleurs-voeux-2022\\\/\",\"url\":\"https:\\\/\\\/www.choeur-et-passions.fr\\\/index.php\\\/meilleurs-voeux-2022\\\/\",\"name\":\"Meilleurs voeux 2022 - Choeur &amp; Passions\",\"isPartOf\":{\"@id\":\"https:\\\/\\\/www.choeur-et-passions.fr\\\/#website\"},\"primaryImageOfPage\":{\"@id\":\"https:\\\/\\\/www.choeur-et-passions.fr\\\/index.php\\\/meilleurs-voeux-2022\\\/#primaryimage\"},\"image\":{\"@id\":\"https:\\\/\\\/www.choeur-et-passions.fr\\\/index.php\\\/meilleurs-voeux-2022\\\/#primaryimage\"},\"thumbnailUrl\":\"https:\\\/\\\/www.choeur-et-passions.fr\\\/wp-content\\\/uploads\\\/2022\\\/01\\\/voeux2022_V3.png\",\"datePublished\":\"2022-01-04T12:01:35+00:00\",\"dateModified\":\"2022-01-06T16:41:08+00:00\",\"breadcrumb\":{\"@id\":\"https:\\\/\\\/www.choeur-et-passions.fr\\\/index.php\\\/meilleurs-voeux-2022\\\/#breadcrumb\"},\"inLanguage\":\"fr-FR\",\"potentialAction\":[{\"@type\":\"ReadAction\",\"target\":[\"https:\\\/\\\/www.choeur-et-passions.fr\\\/index.php\\\/meilleurs-voeux-2022\\\/\"]}]},{\"@type\":\"ImageObject\",\"inLanguage\":\"fr-FR\",\"@id\":\"https:\\\/\\\/www.choeur-et-passions.fr\\\/index.php\\\/meilleurs-voeux-2022\\\/#primaryimage\",\"url\":\"https:\\\/\\\/www.choeur-et-passions.fr\\\/wp-content\\\/uploads\\\/2022\\\/01\\\/voeux2022_V3.png\",\"contentUrl\":\"https:\\\/\\\/www.choeur-et-passions.fr\\\/wp-content\\\/uploads\\\/2022\\\/01\\\/voeux2022_V3.png\",\"width\":2560,\"height\":1096},{\"@type\":\"BreadcrumbList\",\"@id\":\"https:\\\/\\\/www.choeur-et-passions.fr\\\/index.php\\\/meilleurs-voeux-2022\\\/#breadcrumb\",\"itemListElement\":[{\"@type\":\"ListItem\",\"position\":1,\"name\":\"Accueil\",\"item\":\"https:\\\/\\\/www.choeur-et-passions.fr\\\/\"},{\"@type\":\"ListItem\",\"position\":2,\"name\":\"Meilleurs voeux 2022\"}]},{\"@type\":\"WebSite\",\"@id\":\"https:\\\/\\\/www.choeur-et-passions.fr\\\/#website\",\"url\":\"https:\\\/\\\/www.choeur-et-passions.fr\\\/\",\"name\":\"Choeur & Passions\",\"description\":\"\",\"publisher\":{\"@id\":\"https:\\\/\\\/www.choeur-et-passions.fr\\\/#organization\"},\"potentialAction\":[{\"@type\":\"SearchAction\",\"target\":{\"@type\":\"EntryPoint\",\"urlTemplate\":\"https:\\\/\\\/www.choeur-et-passions.fr\\\/?s={search_term_string}\"},\"query-input\":{\"@type\":\"PropertyValueSpecification\",\"valueRequired\":true,\"valueName\":\"search_term_string\"}}],\"inLanguage\":\"fr-FR\"},{\"@type\":\"Organization\",\"@id\":\"https:\\\/\\\/www.choeur-et-passions.fr\\\/#organization\",\"name\":\"Choeur & Passions\",\"url\":\"https:\\\/\\\/www.choeur-et-passions.fr\\\/\",\"logo\":{\"@type\":\"ImageObject\",\"inLanguage\":\"fr-FR\",\"@id\":\"https:\\\/\\\/www.choeur-et-passions.fr\\\/#\\\/schema\\\/logo\\\/image\\\/\",\"url\":\"https:\\\/\\\/www.choeur-et-passions.fr\\\/wp-content\\\/uploads\\\/2024\\\/04\\\/logo-cep.gif\",\"contentUrl\":\"https:\\\/\\\/www.choeur-et-passions.fr\\\/wp-content\\\/uploads\\\/2024\\\/04\\\/logo-cep.gif\",\"width\":1970,\"height\":500,\"caption\":\"Choeur & Passions\"},\"image\":{\"@id\":\"https:\\\/\\\/www.choeur-et-passions.fr\\\/#\\\/schema\\\/logo\\\/image\\\/\"}}]}<\/script>\n<!-- \/ Yoast SEO plugin. -->","yoast_head_json":{"title":"Meilleurs voeux 2022 - Choeur &amp; Passions","robots":{"index":"index","follow":"follow","max-snippet":"max-snippet:-1","max-image-preview":"max-image-preview:large","max-video-preview":"max-video-preview:-1"},"canonical":"https:\/\/www.choeur-et-passions.fr\/index.php\/meilleurs-voeux-2022\/","og_locale":"fr_FR","og_type":"article","og_title":"Meilleurs voeux 2022 - Choeur &amp; Passions","og_description":"Toute la chorale Ch\u0153ur et passions vous souhaite une tr\u00e8s belle ann\u00e9e 2022, en attendant le printemps pour partager ensemble (enfin !) un moment musical et convivial.","og_url":"https:\/\/www.choeur-et-passions.fr\/index.php\/meilleurs-voeux-2022\/","og_site_name":"Choeur &amp; Passions","article_modified_time":"2022-01-06T16:41:08+00:00","og_image":[{"width":2560,"height":1096,"url":"https:\/\/www.choeur-et-passions.fr\/wp-content\/uploads\/2022\/01\/voeux2022_V3.png","type":"image\/png"}],"twitter_card":"summary_large_image","schema":{"@context":"https:\/\/schema.org","@graph":[{"@type":"WebPage","@id":"https:\/\/www.choeur-et-passions.fr\/index.php\/meilleurs-voeux-2022\/","url":"https:\/\/www.choeur-et-passions.fr\/index.php\/meilleurs-voeux-2022\/","name":"Meilleurs voeux 2022 - Choeur &amp; Passions","isPartOf":{"@id":"https:\/\/www.choeur-et-passions.fr\/#website"},"primaryImageOfPage":{"@id":"https:\/\/www.choeur-et-passions.fr\/index.php\/meilleurs-voeux-2022\/#primaryimage"},"image":{"@id":"https:\/\/www.choeur-et-passions.fr\/index.php\/meilleurs-voeux-2022\/#primaryimage"},"thumbnailUrl":"https:\/\/www.choeur-et-passions.fr\/wp-content\/uploads\/2022\/01\/voeux2022_V3.png","datePublished":"2022-01-04T12:01:35+00:00","dateModified":"2022-01-06T16:41:08+00:00","breadcrumb":{"@id":"https:\/\/www.choeur-et-passions.fr\/index.php\/meilleurs-voeux-2022\/#breadcrumb"},"inLanguage":"fr-FR","potentialAction":[{"@type":"ReadAction","target":["https:\/\/www.choeur-et-passions.fr\/index.php\/meilleurs-voeux-2022\/"]}]},{"@type":"ImageObject","inLanguage":"fr-FR","@id":"https:\/\/www.choeur-et-passions.fr\/index.php\/meilleurs-voeux-2022\/#primaryimage","url":"https:\/\/www.choeur-et-passions.fr\/wp-content\/uploads\/2022\/01\/voeux2022_V3.png","contentUrl":"https:\/\/www.choeur-et-passions.fr\/wp-content\/uploads\/2022\/01\/voeux2022_V3.png","width":2560,"height":1096},{"@type":"BreadcrumbList","@id":"https:\/\/www.choeur-et-passions.fr\/index.php\/meilleurs-voeux-2022\/#breadcrumb","itemListElement":[{"@type":"ListItem","position":1,"name":"Accueil","item":"https:\/\/www.choeur-et-passions.fr\/"},{"@type":"ListItem","position":2,"name":"Meilleurs voeux 2022"}]},{"@type":"WebSite","@id":"https:\/\/www.choeur-et-passions.fr\/#website","url":"https:\/\/www.choeur-et-passions.fr\/","name":"Choeur & Passions","description":"","publisher":{"@id":"https:\/\/www.choeur-et-passions.fr\/#organization"},"potentialAction":[{"@type":"SearchAction","target":{"@type":"EntryPoint","urlTemplate":"https:\/\/www.choeur-et-passions.fr\/?s={search_term_string}"},"query-input":{"@type":"PropertyValueSpecification","valueRequired":true,"valueName":"search_term_string"}}],"inLanguage":"fr-FR"},{"@type":"Organization","@id":"https:\/\/www.choeur-et-passions.fr\/#organization","name":"Choeur & Passions","url":"https:\/\/www.choeur-et-passions.fr\/","logo":{"@type":"ImageObject","inLanguage":"fr-FR","@id":"https:\/\/www.choeur-et-passions.fr\/#\/schema\/logo\/image\/","url":"https:\/\/www.choeur-et-passions.fr\/wp-content\/uploads\/2024\/04\/logo-cep.gif","contentUrl":"https:\/\/www.choeur-et-passions.fr\/wp-content\/uploads\/2024\/04\/logo-cep.gif","width":1970,"height":500,"caption":"Choeur & Passions"},"image":{"@id":"https:\/\/www.choeur-et-passions.fr\/#\/schema\/logo\/image\/"}}]}},"_links":{"self":[{"href":"https:\/\/www.choeur-et-passions.fr\/index.php\/wp-json\/wp\/v2\/pages\/2863","targetHints":{"allow":["GET"]}}],"collection":[{"href":"https:\/\/www.choeur-et-passions.fr\/index.php\/wp-json\/wp\/v2\/pages"}],"about":[{"href":"https:\/\/www.choeur-et-passions.fr\/index.php\/wp-json\/wp\/v2\/types\/page"}],"author":[{"embeddable":true,"href":"https:\/\/www.choeur-et-passions.fr\/index.php\/wp-json\/wp\/v2\/users\/1"}],"replies":[{"embeddable":true,"href":"https:\/\/www.choeur-et-passions.fr\/index.php\/wp-json\/wp\/v2\/comments?post=2863"}],"version-history":[{"count":2,"href":"https:\/\/www.choeur-et-passions.fr\/index.php\/wp-json\/wp\/v2\/pages\/2863\/revisions"}],"predecessor-version":[{"id":2867,"href":"https:\/\/www.choeur-et-passions.fr\/index.php\/wp-json\/wp\/v2\/pages\/2863\/revisions\/2867"}],"wp:featuredmedia":[{"embeddable":true,"href":"https:\/\/www.choeur-et-passions.fr\/index.php\/wp-json\/wp\/v2\/media\/2879"}],"wp:attachment":[{"href":"https:\/\/www.choeur-et-passions.fr\/index.php\/wp-json\/wp\/v2\/media?parent=2863"}],"curies":[{"name":"wp","href":"https:\/\/api.w.org\/{rel}","templated":true}]}}