{"id":39,"date":"2015-12-04T22:19:02","date_gmt":"2015-12-04T21:19:02","guid":{"rendered":"http:\/\/choeur-et-passions.fr\/wordpress\/?page_id=39"},"modified":"2016-02-23T15:22:44","modified_gmt":"2016-02-23T14:22:44","slug":"mentions-legales","status":"publish","type":"page","link":"https:\/\/www.choeur-et-passions.fr\/index.php\/mentions-legales\/","title":{"rendered":"Mentions l\u00e9gales"},"content":{"rendered":"<p>L&rsquo;ensemble du site et chacun de ses \u00e9l\u00e9ments pris s\u00e9par\u00e9ment rel\u00e8vent de la l\u00e9gislation fran\u00e7aise et internationale sur le droit d&rsquo;auteur et de la propri\u00e9t\u00e9 intellectuelle (incluant notamment la protection au titre du droit d&rsquo;auteur, du droit des marques, du droit des bases de donn\u00e9es, etc.). Tous les droits de reproduction, de repr\u00e9sentation et de communication publique sont r\u00e9serv\u00e9s, y compris pour les documents t\u00e9l\u00e9chargeables et repr\u00e9sentations visuelles, audiovisuelles, photographiques, iconographies ou autres.<\/p>\n","protected":false},"excerpt":{"rendered":"<p>L&rsquo;ensemble du site et chacun de ses \u00e9l\u00e9ments pris s\u00e9par\u00e9ment rel\u00e8vent de la l\u00e9gislation fran\u00e7aise et internationale sur le droit d&rsquo;auteur et de la propri\u00e9t\u00e9 intellectuelle (incluant notamment la protection au titre du droit d&rsquo;auteur, du droit des marques, du droit des bases de donn\u00e9es, etc.). Tous les droits de reproduction, de repr\u00e9sentation et de [&hellip;]<\/p>\n","protected":false},"author":1,"featured_media":0,"parent":0,"menu_order":12,"comment_status":"closed","ping_status":"closed","template":"","meta":{"ngg_post_thumbnail":0,"footnotes":""},"class_list":["post-39","page","type-page","status-publish","hentry"],"yoast_head":"<!-- This site is optimized with the Yoast SEO plugin v27.6 - https:\/\/yoast.com\/product\/yoast-seo-wordpress\/ -->\n<title>Mentions l\u00e9gales - Choeur &amp; Passions<\/title>\n<meta name=\"robots\" content=\"index, follow, max-snippet:-1, max-image-preview:large, max-video-preview:-1\" \/>\n<link rel=\"canonical\" href=\"https:\/\/www.choeur-et-passions.fr\/index.php\/mentions-legales\/\" \/>\n<meta property=\"og:locale\" content=\"fr_FR\" \/>\n<meta property=\"og:type\" content=\"article\" \/>\n<meta property=\"og:title\" content=\"Mentions l\u00e9gales - Choeur &amp; Passions\" \/>\n<meta property=\"og:description\" content=\"L&rsquo;ensemble du site et chacun de ses \u00e9l\u00e9ments pris s\u00e9par\u00e9ment rel\u00e8vent de la l\u00e9gislation fran\u00e7aise et internationale sur le droit d&rsquo;auteur et de la propri\u00e9t\u00e9 intellectuelle (incluant notamment la protection au titre du droit d&rsquo;auteur, du droit des marques, du droit des bases de donn\u00e9es, etc.). Tous les droits de reproduction, de repr\u00e9sentation et de [&hellip;]\" \/>\n<meta property=\"og:url\" content=\"https:\/\/www.choeur-et-passions.fr\/index.php\/mentions-legales\/\" \/>\n<meta property=\"og:site_name\" content=\"Choeur &amp; Passions\" \/>\n<meta property=\"article:modified_time\" content=\"2016-02-23T14:22:44+00:00\" \/>\n<meta name=\"twitter:card\" content=\"summary_large_image\" \/>\n<script type=\"application\/ld+json\" class=\"yoast-schema-graph\">{\"@context\":\"https:\\\/\\\/schema.org\",\"@graph\":[{\"@type\":\"WebPage\",\"@id\":\"https:\\\/\\\/www.choeur-et-passions.fr\\\/index.php\\\/mentions-legales\\\/\",\"url\":\"https:\\\/\\\/www.choeur-et-passions.fr\\\/index.php\\\/mentions-legales\\\/\",\"name\":\"Mentions l\u00e9gales - Choeur &amp; Passions\",\"isPartOf\":{\"@id\":\"https:\\\/\\\/www.choeur-et-passions.fr\\\/#website\"},\"datePublished\":\"2015-12-04T21:19:02+00:00\",\"dateModified\":\"2016-02-23T14:22:44+00:00\",\"breadcrumb\":{\"@id\":\"https:\\\/\\\/www.choeur-et-passions.fr\\\/index.php\\\/mentions-legales\\\/#breadcrumb\"},\"inLanguage\":\"fr-FR\",\"potentialAction\":[{\"@type\":\"ReadAction\",\"target\":[\"https:\\\/\\\/www.choeur-et-passions.fr\\\/index.php\\\/mentions-legales\\\/\"]}]},{\"@type\":\"BreadcrumbList\",\"@id\":\"https:\\\/\\\/www.choeur-et-passions.fr\\\/index.php\\\/mentions-legales\\\/#breadcrumb\",\"itemListElement\":[{\"@type\":\"ListItem\",\"position\":1,\"name\":\"Accueil\",\"item\":\"https:\\\/\\\/www.choeur-et-passions.fr\\\/\"},{\"@type\":\"ListItem\",\"position\":2,\"name\":\"Mentions l\u00e9gales\"}]},{\"@type\":\"WebSite\",\"@id\":\"https:\\\/\\\/www.choeur-et-passions.fr\\\/#website\",\"url\":\"https:\\\/\\\/www.choeur-et-passions.fr\\\/\",\"name\":\"Choeur & Passions\",\"description\":\"\",\"publisher\":{\"@id\":\"https:\\\/\\\/www.choeur-et-passions.fr\\\/#organization\"},\"potentialAction\":[{\"@type\":\"SearchAction\",\"target\":{\"@type\":\"EntryPoint\",\"urlTemplate\":\"https:\\\/\\\/www.choeur-et-passions.fr\\\/?s={search_term_string}\"},\"query-input\":{\"@type\":\"PropertyValueSpecification\",\"valueRequired\":true,\"valueName\":\"search_term_string\"}}],\"inLanguage\":\"fr-FR\"},{\"@type\":\"Organization\",\"@id\":\"https:\\\/\\\/www.choeur-et-passions.fr\\\/#organization\",\"name\":\"Choeur & Passions\",\"url\":\"https:\\\/\\\/www.choeur-et-passions.fr\\\/\",\"logo\":{\"@type\":\"ImageObject\",\"inLanguage\":\"fr-FR\",\"@id\":\"https:\\\/\\\/www.choeur-et-passions.fr\\\/#\\\/schema\\\/logo\\\/image\\\/\",\"url\":\"https:\\\/\\\/www.choeur-et-passions.fr\\\/wp-content\\\/uploads\\\/2024\\\/04\\\/logo-cep.gif\",\"contentUrl\":\"https:\\\/\\\/www.choeur-et-passions.fr\\\/wp-content\\\/uploads\\\/2024\\\/04\\\/logo-cep.gif\",\"width\":1970,\"height\":500,\"caption\":\"Choeur & Passions\"},\"image\":{\"@id\":\"https:\\\/\\\/www.choeur-et-passions.fr\\\/#\\\/schema\\\/logo\\\/image\\\/\"}}]}<\/script>\n<!-- \/ Yoast SEO plugin. -->","yoast_head_json":{"title":"Mentions l\u00e9gales - Choeur &amp; Passions","robots":{"index":"index","follow":"follow","max-snippet":"max-snippet:-1","max-image-preview":"max-image-preview:large","max-video-preview":"max-video-preview:-1"},"canonical":"https:\/\/www.choeur-et-passions.fr\/index.php\/mentions-legales\/","og_locale":"fr_FR","og_type":"article","og_title":"Mentions l\u00e9gales - Choeur &amp; Passions","og_description":"L&rsquo;ensemble du site et chacun de ses \u00e9l\u00e9ments pris s\u00e9par\u00e9ment rel\u00e8vent de la l\u00e9gislation fran\u00e7aise et internationale sur le droit d&rsquo;auteur et de la propri\u00e9t\u00e9 intellectuelle (incluant notamment la protection au titre du droit d&rsquo;auteur, du droit des marques, du droit des bases de donn\u00e9es, etc.). Tous les droits de reproduction, de repr\u00e9sentation et de [&hellip;]","og_url":"https:\/\/www.choeur-et-passions.fr\/index.php\/mentions-legales\/","og_site_name":"Choeur &amp; Passions","article_modified_time":"2016-02-23T14:22:44+00:00","twitter_card":"summary_large_image","schema":{"@context":"https:\/\/schema.org","@graph":[{"@type":"WebPage","@id":"https:\/\/www.choeur-et-passions.fr\/index.php\/mentions-legales\/","url":"https:\/\/www.choeur-et-passions.fr\/index.php\/mentions-legales\/","name":"Mentions l\u00e9gales - Choeur &amp; Passions","isPartOf":{"@id":"https:\/\/www.choeur-et-passions.fr\/#website"},"datePublished":"2015-12-04T21:19:02+00:00","dateModified":"2016-02-23T14:22:44+00:00","breadcrumb":{"@id":"https:\/\/www.choeur-et-passions.fr\/index.php\/mentions-legales\/#breadcrumb"},"inLanguage":"fr-FR","potentialAction":[{"@type":"ReadAction","target":["https:\/\/www.choeur-et-passions.fr\/index.php\/mentions-legales\/"]}]},{"@type":"BreadcrumbList","@id":"https:\/\/www.choeur-et-passions.fr\/index.php\/mentions-legales\/#breadcrumb","itemListElement":[{"@type":"ListItem","position":1,"name":"Accueil","item":"https:\/\/www.choeur-et-passions.fr\/"},{"@type":"ListItem","position":2,"name":"Mentions l\u00e9gales"}]},{"@type":"WebSite","@id":"https:\/\/www.choeur-et-passions.fr\/#website","url":"https:\/\/www.choeur-et-passions.fr\/","name":"Choeur & Passions","description":"","publisher":{"@id":"https:\/\/www.choeur-et-passions.fr\/#organization"},"potentialAction":[{"@type":"SearchAction","target":{"@type":"EntryPoint","urlTemplate":"https:\/\/www.choeur-et-passions.fr\/?s={search_term_string}"},"query-input":{"@type":"PropertyValueSpecification","valueRequired":true,"valueName":"search_term_string"}}],"inLanguage":"fr-FR"},{"@type":"Organization","@id":"https:\/\/www.choeur-et-passions.fr\/#organization","name":"Choeur & Passions","url":"https:\/\/www.choeur-et-passions.fr\/","logo":{"@type":"ImageObject","inLanguage":"fr-FR","@id":"https:\/\/www.choeur-et-passions.fr\/#\/schema\/logo\/image\/","url":"https:\/\/www.choeur-et-passions.fr\/wp-content\/uploads\/2024\/04\/logo-cep.gif","contentUrl":"https:\/\/www.choeur-et-passions.fr\/wp-content\/uploads\/2024\/04\/logo-cep.gif","width":1970,"height":500,"caption":"Choeur & Passions"},"image":{"@id":"https:\/\/www.choeur-et-passions.fr\/#\/schema\/logo\/image\/"}}]}},"_links":{"self":[{"href":"https:\/\/www.choeur-et-passions.fr\/index.php\/wp-json\/wp\/v2\/pages\/39","targetHints":{"allow":["GET"]}}],"collection":[{"href":"https:\/\/www.choeur-et-passions.fr\/index.php\/wp-json\/wp\/v2\/pages"}],"about":[{"href":"https:\/\/www.choeur-et-passions.fr\/index.php\/wp-json\/wp\/v2\/types\/page"}],"author":[{"embeddable":true,"href":"https:\/\/www.choeur-et-passions.fr\/index.php\/wp-json\/wp\/v2\/users\/1"}],"replies":[{"embeddable":true,"href":"https:\/\/www.choeur-et-passions.fr\/index.php\/wp-json\/wp\/v2\/comments?post=39"}],"version-history":[{"count":1,"href":"https:\/\/www.choeur-et-passions.fr\/index.php\/wp-json\/wp\/v2\/pages\/39\/revisions"}],"predecessor-version":[{"id":40,"href":"https:\/\/www.choeur-et-passions.fr\/index.php\/wp-json\/wp\/v2\/pages\/39\/revisions\/40"}],"wp:attachment":[{"href":"https:\/\/www.choeur-et-passions.fr\/index.php\/wp-json\/wp\/v2\/media?parent=39"}],"curies":[{"name":"wp","href":"https:\/\/api.w.org\/{rel}","templated":true}]}}