{"id":593,"date":"2016-04-28T10:14:38","date_gmt":"2016-04-28T09:14:38","guid":{"rendered":"http:\/\/www.choeur-et-passions.fr\/?page_id=593"},"modified":"2016-09-26T11:14:50","modified_gmt":"2016-09-26T10:14:50","slug":"16-avril-2016-concert-a-senones-vosges","status":"publish","type":"page","link":"https:\/\/www.choeur-et-passions.fr\/index.php\/nos-concerts\/concerts-passes\/16-avril-2016-concert-a-senones-vosges\/","title":{"rendered":"16 avril 2016 : Concert \u00e0 Senones (Vosges)"},"content":{"rendered":"<p><a href=\"http:\/\/choeur-et-passions.fr\/wordpress\/wp-content\/uploads\/2015\/12\/affiche-Senones.jpg\"><img loading=\"lazy\" decoding=\"async\" class=\"aligncenter wp-image-195 size-large\" src=\"http:\/\/www.choeur-et-passions.fr\/wp-content\/uploads\/2015\/12\/affiche-Senones-724x1024.jpg\" alt=\"affiche Senones\" width=\"724\" height=\"1024\" srcset=\"https:\/\/www.choeur-et-passions.fr\/wp-content\/uploads\/2015\/12\/affiche-Senones-724x1024.jpg 724w, https:\/\/www.choeur-et-passions.fr\/wp-content\/uploads\/2015\/12\/affiche-Senones-212x300.jpg 212w, https:\/\/www.choeur-et-passions.fr\/wp-content\/uploads\/2015\/12\/affiche-Senones-283x400.jpg 283w, https:\/\/www.choeur-et-passions.fr\/wp-content\/uploads\/2015\/12\/affiche-Senones.jpg 1241w\" sizes=\"auto, (max-width: 724px) 100vw, 724px\" \/><\/a>R\u00e9pertoire :<\/p>\n<ul>\n<li>Telemann : So lasset uns nun nicht schlafen et Hosianna dem Sohne David<\/li>\n<li>Sch\u00fctz : Sumite Psalmum<\/li>\n<li>Mozart Requiem : Dies irae, Confutatis et Lacrimosa<\/li>\n<li>Haendel : All\u00e9luia<\/li>\n<li>Bernard : extraits de la Suite Qu\u00e9b\u00e9coise<\/li>\n<\/ul>\n<p>Chants communs : Tebe Poem et Boga Boga<br \/>\nLa chorale est accompagn\u00e9e par la pianiste Anne Coureau<\/p>\n<p align=\"center\"><iframe loading=\"lazy\" width=\"560\" height=\"315\" src=\"https:\/\/www.youtube.com\/embed\/KzRHgxIkGO8\" frameborder=\"0\" allowfullscreen><\/iframe><\/p>\n<p align=\"center\"><iframe loading=\"lazy\" width=\"560\" height=\"315\" src=\"https:\/\/www.youtube.com\/embed\/lyBlHXYnxdg\" frameborder=\"0\" allowfullscreen><\/iframe><\/p>\n<p>&nbsp;<\/p>\n","protected":false},"excerpt":{"rendered":"<p>R\u00e9pertoire : Telemann : So lasset uns nun nicht schlafen et Hosianna dem Sohne David Sch\u00fctz : Sumite Psalmum Mozart Requiem : Dies irae, Confutatis et Lacrimosa Haendel : All\u00e9luia Bernard : extraits de la Suite Qu\u00e9b\u00e9coise Chants communs : Tebe Poem et Boga Boga La chorale est accompagn\u00e9e par la pianiste Anne Coureau &nbsp;<\/p>\n","protected":false},"author":1,"featured_media":0,"parent":120,"menu_order":0,"comment_status":"closed","ping_status":"closed","template":"","meta":{"ngg_post_thumbnail":0,"footnotes":""},"class_list":["post-593","page","type-page","status-publish","hentry"],"yoast_head":"<!-- This site is optimized with the Yoast SEO plugin v27.4 - https:\/\/yoast.com\/product\/yoast-seo-wordpress\/ -->\n<title>16 avril 2016 : Concert \u00e0 Senones (Vosges) - Choeur &amp; Passions<\/title>\n<meta name=\"robots\" content=\"index, follow, max-snippet:-1, max-image-preview:large, max-video-preview:-1\" \/>\n<link rel=\"canonical\" href=\"https:\/\/www.choeur-et-passions.fr\/index.php\/nos-concerts\/concerts-passes\/16-avril-2016-concert-a-senones-vosges\/\" \/>\n<meta property=\"og:locale\" content=\"fr_FR\" \/>\n<meta property=\"og:type\" content=\"article\" \/>\n<meta property=\"og:title\" content=\"16 avril 2016 : Concert \u00e0 Senones (Vosges) - Choeur &amp; Passions\" \/>\n<meta property=\"og:description\" content=\"R\u00e9pertoire : Telemann : So lasset uns nun nicht schlafen et Hosianna dem Sohne David Sch\u00fctz : Sumite Psalmum Mozart Requiem : Dies irae, Confutatis et Lacrimosa Haendel : All\u00e9luia Bernard : extraits de la Suite Qu\u00e9b\u00e9coise Chants communs : Tebe Poem et Boga Boga La chorale est accompagn\u00e9e par la pianiste Anne Coureau &nbsp;\" \/>\n<meta property=\"og:url\" content=\"https:\/\/www.choeur-et-passions.fr\/index.php\/nos-concerts\/concerts-passes\/16-avril-2016-concert-a-senones-vosges\/\" \/>\n<meta property=\"og:site_name\" content=\"Choeur &amp; Passions\" \/>\n<meta property=\"article:modified_time\" content=\"2016-09-26T10:14:50+00:00\" \/>\n<meta property=\"og:image\" content=\"http:\/\/www.choeur-et-passions.fr\/wp-content\/uploads\/2015\/12\/affiche-Senones-724x1024.jpg\" \/>\n<meta name=\"twitter:card\" content=\"summary_large_image\" \/>\n<script type=\"application\/ld+json\" class=\"yoast-schema-graph\">{\"@context\":\"https:\\\/\\\/schema.org\",\"@graph\":[{\"@type\":\"WebPage\",\"@id\":\"https:\\\/\\\/www.choeur-et-passions.fr\\\/index.php\\\/nos-concerts\\\/concerts-passes\\\/16-avril-2016-concert-a-senones-vosges\\\/\",\"url\":\"https:\\\/\\\/www.choeur-et-passions.fr\\\/index.php\\\/nos-concerts\\\/concerts-passes\\\/16-avril-2016-concert-a-senones-vosges\\\/\",\"name\":\"16 avril 2016 : Concert \u00e0 Senones (Vosges) - Choeur &amp; Passions\",\"isPartOf\":{\"@id\":\"https:\\\/\\\/www.choeur-et-passions.fr\\\/#website\"},\"primaryImageOfPage\":{\"@id\":\"https:\\\/\\\/www.choeur-et-passions.fr\\\/index.php\\\/nos-concerts\\\/concerts-passes\\\/16-avril-2016-concert-a-senones-vosges\\\/#primaryimage\"},\"image\":{\"@id\":\"https:\\\/\\\/www.choeur-et-passions.fr\\\/index.php\\\/nos-concerts\\\/concerts-passes\\\/16-avril-2016-concert-a-senones-vosges\\\/#primaryimage\"},\"thumbnailUrl\":\"http:\\\/\\\/www.choeur-et-passions.fr\\\/wp-content\\\/uploads\\\/2015\\\/12\\\/affiche-Senones-724x1024.jpg\",\"datePublished\":\"2016-04-28T09:14:38+00:00\",\"dateModified\":\"2016-09-26T10:14:50+00:00\",\"breadcrumb\":{\"@id\":\"https:\\\/\\\/www.choeur-et-passions.fr\\\/index.php\\\/nos-concerts\\\/concerts-passes\\\/16-avril-2016-concert-a-senones-vosges\\\/#breadcrumb\"},\"inLanguage\":\"fr-FR\",\"potentialAction\":[{\"@type\":\"ReadAction\",\"target\":[\"https:\\\/\\\/www.choeur-et-passions.fr\\\/index.php\\\/nos-concerts\\\/concerts-passes\\\/16-avril-2016-concert-a-senones-vosges\\\/\"]}]},{\"@type\":\"ImageObject\",\"inLanguage\":\"fr-FR\",\"@id\":\"https:\\\/\\\/www.choeur-et-passions.fr\\\/index.php\\\/nos-concerts\\\/concerts-passes\\\/16-avril-2016-concert-a-senones-vosges\\\/#primaryimage\",\"url\":\"https:\\\/\\\/www.choeur-et-passions.fr\\\/wp-content\\\/uploads\\\/2015\\\/12\\\/affiche-Senones.jpg\",\"contentUrl\":\"https:\\\/\\\/www.choeur-et-passions.fr\\\/wp-content\\\/uploads\\\/2015\\\/12\\\/affiche-Senones.jpg\",\"width\":1241,\"height\":1755},{\"@type\":\"BreadcrumbList\",\"@id\":\"https:\\\/\\\/www.choeur-et-passions.fr\\\/index.php\\\/nos-concerts\\\/concerts-passes\\\/16-avril-2016-concert-a-senones-vosges\\\/#breadcrumb\",\"itemListElement\":[{\"@type\":\"ListItem\",\"position\":1,\"name\":\"Accueil\",\"item\":\"https:\\\/\\\/www.choeur-et-passions.fr\\\/\"},{\"@type\":\"ListItem\",\"position\":2,\"name\":\"Nos Concerts\",\"item\":\"https:\\\/\\\/www.choeur-et-passions.fr\\\/index.php\\\/nos-concerts\\\/\"},{\"@type\":\"ListItem\",\"position\":3,\"name\":\"Concerts pass\u00e9s\",\"item\":\"https:\\\/\\\/www.choeur-et-passions.fr\\\/index.php\\\/nos-concerts\\\/concerts-passes\\\/\"},{\"@type\":\"ListItem\",\"position\":4,\"name\":\"16 avril 2016 : Concert \u00e0 Senones (Vosges)\"}]},{\"@type\":\"WebSite\",\"@id\":\"https:\\\/\\\/www.choeur-et-passions.fr\\\/#website\",\"url\":\"https:\\\/\\\/www.choeur-et-passions.fr\\\/\",\"name\":\"Choeur & Passions\",\"description\":\"\",\"publisher\":{\"@id\":\"https:\\\/\\\/www.choeur-et-passions.fr\\\/#organization\"},\"potentialAction\":[{\"@type\":\"SearchAction\",\"target\":{\"@type\":\"EntryPoint\",\"urlTemplate\":\"https:\\\/\\\/www.choeur-et-passions.fr\\\/?s={search_term_string}\"},\"query-input\":{\"@type\":\"PropertyValueSpecification\",\"valueRequired\":true,\"valueName\":\"search_term_string\"}}],\"inLanguage\":\"fr-FR\"},{\"@type\":\"Organization\",\"@id\":\"https:\\\/\\\/www.choeur-et-passions.fr\\\/#organization\",\"name\":\"Choeur & Passions\",\"url\":\"https:\\\/\\\/www.choeur-et-passions.fr\\\/\",\"logo\":{\"@type\":\"ImageObject\",\"inLanguage\":\"fr-FR\",\"@id\":\"https:\\\/\\\/www.choeur-et-passions.fr\\\/#\\\/schema\\\/logo\\\/image\\\/\",\"url\":\"https:\\\/\\\/www.choeur-et-passions.fr\\\/wp-content\\\/uploads\\\/2024\\\/04\\\/logo-cep.gif\",\"contentUrl\":\"https:\\\/\\\/www.choeur-et-passions.fr\\\/wp-content\\\/uploads\\\/2024\\\/04\\\/logo-cep.gif\",\"width\":1970,\"height\":500,\"caption\":\"Choeur & Passions\"},\"image\":{\"@id\":\"https:\\\/\\\/www.choeur-et-passions.fr\\\/#\\\/schema\\\/logo\\\/image\\\/\"}}]}<\/script>\n<!-- \/ Yoast SEO plugin. -->","yoast_head_json":{"title":"16 avril 2016 : Concert \u00e0 Senones (Vosges) - Choeur &amp; Passions","robots":{"index":"index","follow":"follow","max-snippet":"max-snippet:-1","max-image-preview":"max-image-preview:large","max-video-preview":"max-video-preview:-1"},"canonical":"https:\/\/www.choeur-et-passions.fr\/index.php\/nos-concerts\/concerts-passes\/16-avril-2016-concert-a-senones-vosges\/","og_locale":"fr_FR","og_type":"article","og_title":"16 avril 2016 : Concert \u00e0 Senones (Vosges) - Choeur &amp; Passions","og_description":"R\u00e9pertoire : Telemann : So lasset uns nun nicht schlafen et Hosianna dem Sohne David Sch\u00fctz : Sumite Psalmum Mozart Requiem : Dies irae, Confutatis et Lacrimosa Haendel : All\u00e9luia Bernard : extraits de la Suite Qu\u00e9b\u00e9coise Chants communs : Tebe Poem et Boga Boga La chorale est accompagn\u00e9e par la pianiste Anne Coureau &nbsp;","og_url":"https:\/\/www.choeur-et-passions.fr\/index.php\/nos-concerts\/concerts-passes\/16-avril-2016-concert-a-senones-vosges\/","og_site_name":"Choeur &amp; Passions","article_modified_time":"2016-09-26T10:14:50+00:00","og_image":[{"url":"http:\/\/www.choeur-et-passions.fr\/wp-content\/uploads\/2015\/12\/affiche-Senones-724x1024.jpg","type":"","width":"","height":""}],"twitter_card":"summary_large_image","schema":{"@context":"https:\/\/schema.org","@graph":[{"@type":"WebPage","@id":"https:\/\/www.choeur-et-passions.fr\/index.php\/nos-concerts\/concerts-passes\/16-avril-2016-concert-a-senones-vosges\/","url":"https:\/\/www.choeur-et-passions.fr\/index.php\/nos-concerts\/concerts-passes\/16-avril-2016-concert-a-senones-vosges\/","name":"16 avril 2016 : Concert \u00e0 Senones (Vosges) - Choeur &amp; Passions","isPartOf":{"@id":"https:\/\/www.choeur-et-passions.fr\/#website"},"primaryImageOfPage":{"@id":"https:\/\/www.choeur-et-passions.fr\/index.php\/nos-concerts\/concerts-passes\/16-avril-2016-concert-a-senones-vosges\/#primaryimage"},"image":{"@id":"https:\/\/www.choeur-et-passions.fr\/index.php\/nos-concerts\/concerts-passes\/16-avril-2016-concert-a-senones-vosges\/#primaryimage"},"thumbnailUrl":"http:\/\/www.choeur-et-passions.fr\/wp-content\/uploads\/2015\/12\/affiche-Senones-724x1024.jpg","datePublished":"2016-04-28T09:14:38+00:00","dateModified":"2016-09-26T10:14:50+00:00","breadcrumb":{"@id":"https:\/\/www.choeur-et-passions.fr\/index.php\/nos-concerts\/concerts-passes\/16-avril-2016-concert-a-senones-vosges\/#breadcrumb"},"inLanguage":"fr-FR","potentialAction":[{"@type":"ReadAction","target":["https:\/\/www.choeur-et-passions.fr\/index.php\/nos-concerts\/concerts-passes\/16-avril-2016-concert-a-senones-vosges\/"]}]},{"@type":"ImageObject","inLanguage":"fr-FR","@id":"https:\/\/www.choeur-et-passions.fr\/index.php\/nos-concerts\/concerts-passes\/16-avril-2016-concert-a-senones-vosges\/#primaryimage","url":"https:\/\/www.choeur-et-passions.fr\/wp-content\/uploads\/2015\/12\/affiche-Senones.jpg","contentUrl":"https:\/\/www.choeur-et-passions.fr\/wp-content\/uploads\/2015\/12\/affiche-Senones.jpg","width":1241,"height":1755},{"@type":"BreadcrumbList","@id":"https:\/\/www.choeur-et-passions.fr\/index.php\/nos-concerts\/concerts-passes\/16-avril-2016-concert-a-senones-vosges\/#breadcrumb","itemListElement":[{"@type":"ListItem","position":1,"name":"Accueil","item":"https:\/\/www.choeur-et-passions.fr\/"},{"@type":"ListItem","position":2,"name":"Nos Concerts","item":"https:\/\/www.choeur-et-passions.fr\/index.php\/nos-concerts\/"},{"@type":"ListItem","position":3,"name":"Concerts pass\u00e9s","item":"https:\/\/www.choeur-et-passions.fr\/index.php\/nos-concerts\/concerts-passes\/"},{"@type":"ListItem","position":4,"name":"16 avril 2016 : Concert \u00e0 Senones (Vosges)"}]},{"@type":"WebSite","@id":"https:\/\/www.choeur-et-passions.fr\/#website","url":"https:\/\/www.choeur-et-passions.fr\/","name":"Choeur & Passions","description":"","publisher":{"@id":"https:\/\/www.choeur-et-passions.fr\/#organization"},"potentialAction":[{"@type":"SearchAction","target":{"@type":"EntryPoint","urlTemplate":"https:\/\/www.choeur-et-passions.fr\/?s={search_term_string}"},"query-input":{"@type":"PropertyValueSpecification","valueRequired":true,"valueName":"search_term_string"}}],"inLanguage":"fr-FR"},{"@type":"Organization","@id":"https:\/\/www.choeur-et-passions.fr\/#organization","name":"Choeur & Passions","url":"https:\/\/www.choeur-et-passions.fr\/","logo":{"@type":"ImageObject","inLanguage":"fr-FR","@id":"https:\/\/www.choeur-et-passions.fr\/#\/schema\/logo\/image\/","url":"https:\/\/www.choeur-et-passions.fr\/wp-content\/uploads\/2024\/04\/logo-cep.gif","contentUrl":"https:\/\/www.choeur-et-passions.fr\/wp-content\/uploads\/2024\/04\/logo-cep.gif","width":1970,"height":500,"caption":"Choeur & Passions"},"image":{"@id":"https:\/\/www.choeur-et-passions.fr\/#\/schema\/logo\/image\/"}}]}},"_links":{"self":[{"href":"https:\/\/www.choeur-et-passions.fr\/index.php\/wp-json\/wp\/v2\/pages\/593","targetHints":{"allow":["GET"]}}],"collection":[{"href":"https:\/\/www.choeur-et-passions.fr\/index.php\/wp-json\/wp\/v2\/pages"}],"about":[{"href":"https:\/\/www.choeur-et-passions.fr\/index.php\/wp-json\/wp\/v2\/types\/page"}],"author":[{"embeddable":true,"href":"https:\/\/www.choeur-et-passions.fr\/index.php\/wp-json\/wp\/v2\/users\/1"}],"replies":[{"embeddable":true,"href":"https:\/\/www.choeur-et-passions.fr\/index.php\/wp-json\/wp\/v2\/comments?post=593"}],"version-history":[{"count":13,"href":"https:\/\/www.choeur-et-passions.fr\/index.php\/wp-json\/wp\/v2\/pages\/593\/revisions"}],"predecessor-version":[{"id":760,"href":"https:\/\/www.choeur-et-passions.fr\/index.php\/wp-json\/wp\/v2\/pages\/593\/revisions\/760"}],"up":[{"embeddable":true,"href":"https:\/\/www.choeur-et-passions.fr\/index.php\/wp-json\/wp\/v2\/pages\/120"}],"wp:attachment":[{"href":"https:\/\/www.choeur-et-passions.fr\/index.php\/wp-json\/wp\/v2\/media?parent=593"}],"curies":[{"name":"wp","href":"https:\/\/api.w.org\/{rel}","templated":true}]}}