{"id":79,"date":"2015-12-07T12:18:56","date_gmt":"2015-12-07T11:18:56","guid":{"rendered":"http:\/\/choeur-et-passions.fr\/wordpress\/?page_id=79"},"modified":"2022-12-20T11:08:37","modified_gmt":"2022-12-20T10:08:37","slug":"chef-de-choeur","status":"publish","type":"page","link":"https:\/\/www.choeur-et-passions.fr\/index.php\/la-chorale\/chef-de-choeur\/","title":{"rendered":"Cheffes de choeur"},"content":{"rendered":"<h3>Laurence Bodin<\/h3>\n<p><img loading=\"lazy\" decoding=\"async\" class=\"wp-image-81 size-full alignleft\" src=\"http:\/\/www.choeur-et-passions.fr\/wp-content\/uploads\/2020\/01\/Laurence.jpg\" alt=\"\" width=\"100\" height=\"128\"><br \/>\nDepuis septembre 2019, Laurence Bodin est la cheffe de ch\u0153ur de la chorale Ch\u0153ur et Passions.<\/p>\n<hr>\n<h3>Murielle Vandenouc cheffe de 2006 \u00e0 2019<\/h3>\n<p>&nbsp;<\/p>\n<p><img loading=\"lazy\" decoding=\"async\" class=\"wp-image-81 size-full alignleft\" src=\"http:\/\/www.choeur-et-passions.fr\/wp-content\/uploads\/2015\/12\/Murielle.jpg\" alt=\"\" width=\"100\" height=\"128\"><br \/>\nAvec une formation musicale acquise au <strong><span class=\"bold\">conservatoire de Tourcoing<\/span><\/strong> et un<strong><span class=\"bold\"> dipl\u00f4me universitaire obtenu au C.F.M.I de Lille<\/span><\/strong>, elle enseigne pendant huit ans la musique aux enfants de Tumbaco en Equateur.<\/p>\n<p>De retour dans le Nord, elle continue son m\u00e9tier d&rsquo;enseignante et occupe actuellement le poste de<strong><span class=\"bold\"> formation musicale \u00e0 l&rsquo;Ecole municipale de musique d&rsquo;Halluin<\/span><\/strong>.<\/p>\n<p>Elle enseigne \u00e9galement \u00e0 l\u2019\u00e9cole de musique de Roncq<\/p>\n<p>En 2006 elle prend la <strong>direction de Ch\u0153ur et Passions<\/strong>.<\/p>\n<p><img loading=\"lazy\" decoding=\"async\" class=\"aligncenter wp-image-80 size-full\" src=\"http:\/\/www.choeur-et-passions.fr\/wp-content\/uploads\/2015\/12\/choeur2.jpg\" alt=\"choeur2\" width=\"500\" height=\"257\" srcset=\"https:\/\/www.choeur-et-passions.fr\/wp-content\/uploads\/2015\/12\/choeur2.jpg 500w, https:\/\/www.choeur-et-passions.fr\/wp-content\/uploads\/2015\/12\/choeur2-300x154.jpg 300w\" sizes=\"auto, (max-width: 500px) 100vw, 500px\" \/><\/p>\n","protected":false},"excerpt":{"rendered":"<p>Laurence Bodin Depuis septembre 2019, Laurence Bodin est la cheffe de ch\u0153ur de la chorale Ch\u0153ur et Passions. Murielle Vandenouc cheffe de 2006 \u00e0 2019 &nbsp; Avec une formation musicale acquise au conservatoire de Tourcoing et un dipl\u00f4me universitaire obtenu au C.F.M.I de Lille, elle enseigne pendant huit ans la musique aux enfants de Tumbaco [&hellip;]<\/p>\n","protected":false},"author":1,"featured_media":0,"parent":10,"menu_order":0,"comment_status":"closed","ping_status":"closed","template":"","meta":{"ngg_post_thumbnail":0,"footnotes":""},"class_list":["post-79","page","type-page","status-publish","hentry"],"yoast_head":"<!-- This site is optimized with the Yoast SEO plugin v27.4 - https:\/\/yoast.com\/product\/yoast-seo-wordpress\/ -->\n<title>Cheffes de choeur - Choeur &amp; Passions<\/title>\n<meta name=\"robots\" content=\"index, follow, max-snippet:-1, max-image-preview:large, max-video-preview:-1\" \/>\n<link rel=\"canonical\" href=\"https:\/\/www.choeur-et-passions.fr\/index.php\/la-chorale\/chef-de-choeur\/\" \/>\n<meta property=\"og:locale\" content=\"fr_FR\" \/>\n<meta property=\"og:type\" content=\"article\" \/>\n<meta property=\"og:title\" content=\"Cheffes de choeur - Choeur &amp; Passions\" \/>\n<meta property=\"og:description\" content=\"Laurence Bodin Depuis septembre 2019, Laurence Bodin est la cheffe de ch\u0153ur de la chorale Ch\u0153ur et Passions. Murielle Vandenouc cheffe de 2006 \u00e0 2019 &nbsp; Avec une formation musicale acquise au conservatoire de Tourcoing et un dipl\u00f4me universitaire obtenu au C.F.M.I de Lille, elle enseigne pendant huit ans la musique aux enfants de Tumbaco [&hellip;]\" \/>\n<meta property=\"og:url\" content=\"https:\/\/www.choeur-et-passions.fr\/index.php\/la-chorale\/chef-de-choeur\/\" \/>\n<meta property=\"og:site_name\" content=\"Choeur &amp; Passions\" \/>\n<meta property=\"article:modified_time\" content=\"2022-12-20T10:08:37+00:00\" \/>\n<meta property=\"og:image\" content=\"http:\/\/www.choeur-et-passions.fr\/wp-content\/uploads\/2020\/01\/Laurence.jpg\" \/>\n<meta name=\"twitter:card\" content=\"summary_large_image\" \/>\n<meta name=\"twitter:label1\" content=\"Dur\u00e9e de lecture estim\u00e9e\" \/>\n\t<meta name=\"twitter:data1\" content=\"1 minute\" \/>\n<script type=\"application\/ld+json\" class=\"yoast-schema-graph\">{\"@context\":\"https:\\\/\\\/schema.org\",\"@graph\":[{\"@type\":\"WebPage\",\"@id\":\"https:\\\/\\\/www.choeur-et-passions.fr\\\/index.php\\\/la-chorale\\\/chef-de-choeur\\\/\",\"url\":\"https:\\\/\\\/www.choeur-et-passions.fr\\\/index.php\\\/la-chorale\\\/chef-de-choeur\\\/\",\"name\":\"Cheffes de choeur - Choeur &amp; Passions\",\"isPartOf\":{\"@id\":\"https:\\\/\\\/www.choeur-et-passions.fr\\\/#website\"},\"primaryImageOfPage\":{\"@id\":\"https:\\\/\\\/www.choeur-et-passions.fr\\\/index.php\\\/la-chorale\\\/chef-de-choeur\\\/#primaryimage\"},\"image\":{\"@id\":\"https:\\\/\\\/www.choeur-et-passions.fr\\\/index.php\\\/la-chorale\\\/chef-de-choeur\\\/#primaryimage\"},\"thumbnailUrl\":\"http:\\\/\\\/www.choeur-et-passions.fr\\\/wp-content\\\/uploads\\\/2020\\\/01\\\/Laurence.jpg\",\"datePublished\":\"2015-12-07T11:18:56+00:00\",\"dateModified\":\"2022-12-20T10:08:37+00:00\",\"breadcrumb\":{\"@id\":\"https:\\\/\\\/www.choeur-et-passions.fr\\\/index.php\\\/la-chorale\\\/chef-de-choeur\\\/#breadcrumb\"},\"inLanguage\":\"fr-FR\",\"potentialAction\":[{\"@type\":\"ReadAction\",\"target\":[\"https:\\\/\\\/www.choeur-et-passions.fr\\\/index.php\\\/la-chorale\\\/chef-de-choeur\\\/\"]}]},{\"@type\":\"ImageObject\",\"inLanguage\":\"fr-FR\",\"@id\":\"https:\\\/\\\/www.choeur-et-passions.fr\\\/index.php\\\/la-chorale\\\/chef-de-choeur\\\/#primaryimage\",\"url\":\"https:\\\/\\\/www.choeur-et-passions.fr\\\/wp-content\\\/uploads\\\/2015\\\/12\\\/Murielle.jpg\",\"contentUrl\":\"https:\\\/\\\/www.choeur-et-passions.fr\\\/wp-content\\\/uploads\\\/2015\\\/12\\\/Murielle.jpg\",\"width\":100,\"height\":128},{\"@type\":\"BreadcrumbList\",\"@id\":\"https:\\\/\\\/www.choeur-et-passions.fr\\\/index.php\\\/la-chorale\\\/chef-de-choeur\\\/#breadcrumb\",\"itemListElement\":[{\"@type\":\"ListItem\",\"position\":1,\"name\":\"Accueil\",\"item\":\"https:\\\/\\\/www.choeur-et-passions.fr\\\/\"},{\"@type\":\"ListItem\",\"position\":2,\"name\":\"La Chorale\",\"item\":\"https:\\\/\\\/www.choeur-et-passions.fr\\\/index.php\\\/la-chorale\\\/\"},{\"@type\":\"ListItem\",\"position\":3,\"name\":\"Cheffes de choeur\"}]},{\"@type\":\"WebSite\",\"@id\":\"https:\\\/\\\/www.choeur-et-passions.fr\\\/#website\",\"url\":\"https:\\\/\\\/www.choeur-et-passions.fr\\\/\",\"name\":\"Choeur & Passions\",\"description\":\"\",\"publisher\":{\"@id\":\"https:\\\/\\\/www.choeur-et-passions.fr\\\/#organization\"},\"potentialAction\":[{\"@type\":\"SearchAction\",\"target\":{\"@type\":\"EntryPoint\",\"urlTemplate\":\"https:\\\/\\\/www.choeur-et-passions.fr\\\/?s={search_term_string}\"},\"query-input\":{\"@type\":\"PropertyValueSpecification\",\"valueRequired\":true,\"valueName\":\"search_term_string\"}}],\"inLanguage\":\"fr-FR\"},{\"@type\":\"Organization\",\"@id\":\"https:\\\/\\\/www.choeur-et-passions.fr\\\/#organization\",\"name\":\"Choeur & Passions\",\"url\":\"https:\\\/\\\/www.choeur-et-passions.fr\\\/\",\"logo\":{\"@type\":\"ImageObject\",\"inLanguage\":\"fr-FR\",\"@id\":\"https:\\\/\\\/www.choeur-et-passions.fr\\\/#\\\/schema\\\/logo\\\/image\\\/\",\"url\":\"https:\\\/\\\/www.choeur-et-passions.fr\\\/wp-content\\\/uploads\\\/2024\\\/04\\\/logo-cep.gif\",\"contentUrl\":\"https:\\\/\\\/www.choeur-et-passions.fr\\\/wp-content\\\/uploads\\\/2024\\\/04\\\/logo-cep.gif\",\"width\":1970,\"height\":500,\"caption\":\"Choeur & Passions\"},\"image\":{\"@id\":\"https:\\\/\\\/www.choeur-et-passions.fr\\\/#\\\/schema\\\/logo\\\/image\\\/\"}}]}<\/script>\n<!-- \/ Yoast SEO plugin. -->","yoast_head_json":{"title":"Cheffes de choeur - Choeur &amp; Passions","robots":{"index":"index","follow":"follow","max-snippet":"max-snippet:-1","max-image-preview":"max-image-preview:large","max-video-preview":"max-video-preview:-1"},"canonical":"https:\/\/www.choeur-et-passions.fr\/index.php\/la-chorale\/chef-de-choeur\/","og_locale":"fr_FR","og_type":"article","og_title":"Cheffes de choeur - Choeur &amp; Passions","og_description":"Laurence Bodin Depuis septembre 2019, Laurence Bodin est la cheffe de ch\u0153ur de la chorale Ch\u0153ur et Passions. Murielle Vandenouc cheffe de 2006 \u00e0 2019 &nbsp; Avec une formation musicale acquise au conservatoire de Tourcoing et un dipl\u00f4me universitaire obtenu au C.F.M.I de Lille, elle enseigne pendant huit ans la musique aux enfants de Tumbaco [&hellip;]","og_url":"https:\/\/www.choeur-et-passions.fr\/index.php\/la-chorale\/chef-de-choeur\/","og_site_name":"Choeur &amp; Passions","article_modified_time":"2022-12-20T10:08:37+00:00","og_image":[{"url":"http:\/\/www.choeur-et-passions.fr\/wp-content\/uploads\/2020\/01\/Laurence.jpg","type":"","width":"","height":""}],"twitter_card":"summary_large_image","twitter_misc":{"Dur\u00e9e de lecture estim\u00e9e":"1 minute"},"schema":{"@context":"https:\/\/schema.org","@graph":[{"@type":"WebPage","@id":"https:\/\/www.choeur-et-passions.fr\/index.php\/la-chorale\/chef-de-choeur\/","url":"https:\/\/www.choeur-et-passions.fr\/index.php\/la-chorale\/chef-de-choeur\/","name":"Cheffes de choeur - Choeur &amp; Passions","isPartOf":{"@id":"https:\/\/www.choeur-et-passions.fr\/#website"},"primaryImageOfPage":{"@id":"https:\/\/www.choeur-et-passions.fr\/index.php\/la-chorale\/chef-de-choeur\/#primaryimage"},"image":{"@id":"https:\/\/www.choeur-et-passions.fr\/index.php\/la-chorale\/chef-de-choeur\/#primaryimage"},"thumbnailUrl":"http:\/\/www.choeur-et-passions.fr\/wp-content\/uploads\/2020\/01\/Laurence.jpg","datePublished":"2015-12-07T11:18:56+00:00","dateModified":"2022-12-20T10:08:37+00:00","breadcrumb":{"@id":"https:\/\/www.choeur-et-passions.fr\/index.php\/la-chorale\/chef-de-choeur\/#breadcrumb"},"inLanguage":"fr-FR","potentialAction":[{"@type":"ReadAction","target":["https:\/\/www.choeur-et-passions.fr\/index.php\/la-chorale\/chef-de-choeur\/"]}]},{"@type":"ImageObject","inLanguage":"fr-FR","@id":"https:\/\/www.choeur-et-passions.fr\/index.php\/la-chorale\/chef-de-choeur\/#primaryimage","url":"https:\/\/www.choeur-et-passions.fr\/wp-content\/uploads\/2015\/12\/Murielle.jpg","contentUrl":"https:\/\/www.choeur-et-passions.fr\/wp-content\/uploads\/2015\/12\/Murielle.jpg","width":100,"height":128},{"@type":"BreadcrumbList","@id":"https:\/\/www.choeur-et-passions.fr\/index.php\/la-chorale\/chef-de-choeur\/#breadcrumb","itemListElement":[{"@type":"ListItem","position":1,"name":"Accueil","item":"https:\/\/www.choeur-et-passions.fr\/"},{"@type":"ListItem","position":2,"name":"La Chorale","item":"https:\/\/www.choeur-et-passions.fr\/index.php\/la-chorale\/"},{"@type":"ListItem","position":3,"name":"Cheffes de choeur"}]},{"@type":"WebSite","@id":"https:\/\/www.choeur-et-passions.fr\/#website","url":"https:\/\/www.choeur-et-passions.fr\/","name":"Choeur & Passions","description":"","publisher":{"@id":"https:\/\/www.choeur-et-passions.fr\/#organization"},"potentialAction":[{"@type":"SearchAction","target":{"@type":"EntryPoint","urlTemplate":"https:\/\/www.choeur-et-passions.fr\/?s={search_term_string}"},"query-input":{"@type":"PropertyValueSpecification","valueRequired":true,"valueName":"search_term_string"}}],"inLanguage":"fr-FR"},{"@type":"Organization","@id":"https:\/\/www.choeur-et-passions.fr\/#organization","name":"Choeur & Passions","url":"https:\/\/www.choeur-et-passions.fr\/","logo":{"@type":"ImageObject","inLanguage":"fr-FR","@id":"https:\/\/www.choeur-et-passions.fr\/#\/schema\/logo\/image\/","url":"https:\/\/www.choeur-et-passions.fr\/wp-content\/uploads\/2024\/04\/logo-cep.gif","contentUrl":"https:\/\/www.choeur-et-passions.fr\/wp-content\/uploads\/2024\/04\/logo-cep.gif","width":1970,"height":500,"caption":"Choeur & Passions"},"image":{"@id":"https:\/\/www.choeur-et-passions.fr\/#\/schema\/logo\/image\/"}}]}},"_links":{"self":[{"href":"https:\/\/www.choeur-et-passions.fr\/index.php\/wp-json\/wp\/v2\/pages\/79","targetHints":{"allow":["GET"]}}],"collection":[{"href":"https:\/\/www.choeur-et-passions.fr\/index.php\/wp-json\/wp\/v2\/pages"}],"about":[{"href":"https:\/\/www.choeur-et-passions.fr\/index.php\/wp-json\/wp\/v2\/types\/page"}],"author":[{"embeddable":true,"href":"https:\/\/www.choeur-et-passions.fr\/index.php\/wp-json\/wp\/v2\/users\/1"}],"replies":[{"embeddable":true,"href":"https:\/\/www.choeur-et-passions.fr\/index.php\/wp-json\/wp\/v2\/comments?post=79"}],"version-history":[{"count":12,"href":"https:\/\/www.choeur-et-passions.fr\/index.php\/wp-json\/wp\/v2\/pages\/79\/revisions"}],"predecessor-version":[{"id":3487,"href":"https:\/\/www.choeur-et-passions.fr\/index.php\/wp-json\/wp\/v2\/pages\/79\/revisions\/3487"}],"up":[{"embeddable":true,"href":"https:\/\/www.choeur-et-passions.fr\/index.php\/wp-json\/wp\/v2\/pages\/10"}],"wp:attachment":[{"href":"https:\/\/www.choeur-et-passions.fr\/index.php\/wp-json\/wp\/v2\/media?parent=79"}],"curies":[{"name":"wp","href":"https:\/\/api.w.org\/{rel}","templated":true}]}}